{"id":1128,"date":"2016-03-30T10:21:45","date_gmt":"2016-03-30T09:21:45","guid":{"rendered":"http:\/\/ligan.good.cnrs.fr\/?page_id=1128&#038;lang=en"},"modified":"2023-07-19T13:17:55","modified_gmt":"2023-07-19T12:17:55","slug":"mentions-legales","status":"publish","type":"page","link":"https:\/\/ligan.good.cnrs.fr\/en\/mentions-legales\/","title":{"rendered":"Disclaimer"},"content":{"rendered":"<h2 style=\"text-align: left;\" align=\"center\"><strong>Disclaimer LIGAN PM, genomics platform of UMR 1283-8199 Fonctional (Epi)genomics and Mechanisms of Type 2 Diabetes and Related Diseases<\/strong><\/h2>\n<p> <a title=\"(Nouvelle fen\u00eatre)\" href=\"http:\/\/www.cnrs.fr\/\" target=\"new\"><strong>CNRS<\/strong><\/a><strong> \u2013 Centre National de la Recherche Scientifique <\/strong><br \/> 3, rue Michel-Ange<br \/> 75794 Paris cedex 16 \u2013 France<br \/> T\u00e9l\u00e9phone : + 33 1 44 96 40 00<br \/> T\u00e9l\u00e9copie : + 33 1 44 96 53 90<\/p>\n<p>&nbsp;<\/p>\n<p><a href=\"http:\/\/www.good.cnrs.fr\/\" target=\"new\"><strong>UMR1283 Fonctional (Epi)genomics and Mechanisms of Type 2 Diabetes and Related Diseases<\/strong><\/a><br \/> EGID <br \/> Facult\u00e9 de M\u00e9decine HENRI-WAREMBOURG <br \/> P\u00f4le Recherche\u00a0: 1, place de Verdun <br \/> 59045 LILLE CEDEX \u2013 France<br \/> T\u00e9l\u00e9phone : + 33 3 74 00 81 00<br \/> <strong>Publisher :<\/strong> Antoine Petit<br \/> <strong>Editorial director :<\/strong> Philippe Froguel<\/p>\n<p>CNRS makes every effort to ensure, but does not guarantee, the accuracy of the information on its web site. Hyperlinks to other web sites imply neither responsibility for, nor approval of, the information contained in those other web sites on the part of CNRS.<\/p>\n<p>&nbsp;<\/p>\n<h3><strong><span style=\"text-decoration: underline;\">Copyright<\/span><\/strong><\/h3>\n<p>All rights reserved. This information may be freely used and copied for educational and other non-commercial purposes, provided that any reproduction of data be accompanied by an acknowledgement of CNRS as the source ( \u00a9 CNRS ). This does not apply to the pages and images with explicitely reserved reproduction right : \u00a9 followed by the right owner and the year of first circulation. Reproduction of the latter requires prior authorization from the CNRS for the pages and CNRS Phototh\u00e8que for the images.<\/p>\n<p>&nbsp;<\/p>\n<h3><strong><span style=\"text-decoration: underline;\">Privacy Policy<\/span><\/strong><\/h3>\n<p>The only information that CNRS obtains about a user to its Site is information supplied voluntarily by the user. This means that you can visit the CNRS Site without identifying who you are or revealing any information about yourself. Some CNRS programs or services may request specific user information, such as name and email address, and the user may decide whether to voluntarily supply that information. According to the law n\u00b0 78-17 \u201cInformatique et Libert\u00e9s\/software and freedoms\u201d, you have the right to access the information as well as to rectify and delete data that concerns you personally on this site.<\/p>\n<p>&nbsp;<\/p>\n<p style=\"text-align: left;\">For full details, please refer to the <a href=\"https:\/\/ligan.good.cnrs.fr\/mentions-legales\/\">legal notice<\/a> in French.<\/p>\n","protected":false},"excerpt":{"rendered":"<p>Disclaimer LIGAN PM, genomics platform of UMR 1283-8199 Fonctional (Epi)genomics and Mechanisms of Type 2 Diabetes and Related Diseases CNRS \u2013 Centre National de la Recherche Scientifique 3, rue Michel-Ange 75794 Paris cedex 16 \u2013 France T\u00e9l\u00e9phone : + 33 1 44 96 40 00 T\u00e9l\u00e9copie : + 33 1 44 96 53 90 &nbsp; [&hellip;]<\/p>\n","protected":false},"author":1,"featured_media":0,"parent":0,"menu_order":60,"comment_status":"closed","ping_status":"closed","template":"","meta":{"_acf_changed":false,"footnotes":""},"class_list":["post-1128","page","type-page","status-publish","hentry"],"acf":[],"yoast_head":"<!-- This site is optimized with the Yoast SEO plugin v26.3 - https:\/\/yoast.com\/wordpress\/plugins\/seo\/ -->\n<title>Disclaimer - Ligan<\/title>\n<meta name=\"robots\" content=\"index, follow, max-snippet:-1, max-image-preview:large, max-video-preview:-1\" \/>\n<link rel=\"canonical\" href=\"https:\/\/ligan.good.cnrs.fr\/en\/mentions-legales\/\" \/>\n<meta property=\"og:locale\" content=\"en_US\" \/>\n<meta property=\"og:type\" content=\"article\" \/>\n<meta property=\"og:title\" content=\"Disclaimer - Ligan\" \/>\n<meta property=\"og:description\" content=\"Disclaimer LIGAN PM, genomics platform of UMR 1283-8199 Fonctional (Epi)genomics and Mechanisms of Type 2 Diabetes and Related Diseases CNRS \u2013 Centre National de la Recherche Scientifique 3, rue Michel-Ange 75794 Paris cedex 16 \u2013 France T\u00e9l\u00e9phone : + 33 1 44 96 40 00 T\u00e9l\u00e9copie : + 33 1 44 96 53 90 &nbsp; [&hellip;]\" \/>\n<meta property=\"og:url\" content=\"https:\/\/ligan.good.cnrs.fr\/en\/mentions-legales\/\" \/>\n<meta property=\"og:site_name\" content=\"Ligan\" \/>\n<meta property=\"article:modified_time\" content=\"2023-07-19T12:17:55+00:00\" \/>\n<meta name=\"twitter:card\" content=\"summary_large_image\" \/>\n<meta name=\"twitter:label1\" content=\"Est. reading time\" \/>\n\t<meta name=\"twitter:data1\" content=\"2 minutes\" \/>\n<script type=\"application\/ld+json\" class=\"yoast-schema-graph\">{\"@context\":\"https:\/\/schema.org\",\"@graph\":[{\"@type\":\"WebPage\",\"@id\":\"https:\/\/ligan.good.cnrs.fr\/en\/mentions-legales\/\",\"url\":\"https:\/\/ligan.good.cnrs.fr\/en\/mentions-legales\/\",\"name\":\"Disclaimer - Ligan\",\"isPartOf\":{\"@id\":\"https:\/\/ligan.good.cnrs.fr\/en\/#website\"},\"datePublished\":\"2016-03-30T09:21:45+00:00\",\"dateModified\":\"2023-07-19T12:17:55+00:00\",\"breadcrumb\":{\"@id\":\"https:\/\/ligan.good.cnrs.fr\/en\/mentions-legales\/#breadcrumb\"},\"inLanguage\":\"en-US\",\"potentialAction\":[{\"@type\":\"ReadAction\",\"target\":[\"https:\/\/ligan.good.cnrs.fr\/en\/mentions-legales\/\"]}]},{\"@type\":\"BreadcrumbList\",\"@id\":\"https:\/\/ligan.good.cnrs.fr\/en\/mentions-legales\/#breadcrumb\",\"itemListElement\":[{\"@type\":\"ListItem\",\"position\":1,\"name\":\"Accueil\",\"item\":\"https:\/\/ligan.good.cnrs.fr\/en\/\"},{\"@type\":\"ListItem\",\"position\":2,\"name\":\"Disclaimer\"}]},{\"@type\":\"WebSite\",\"@id\":\"https:\/\/ligan.good.cnrs.fr\/en\/#website\",\"url\":\"https:\/\/ligan.good.cnrs.fr\/en\/\",\"name\":\"Ligan\",\"description\":\"Un site utilisant WordPress\",\"potentialAction\":[{\"@type\":\"SearchAction\",\"target\":{\"@type\":\"EntryPoint\",\"urlTemplate\":\"https:\/\/ligan.good.cnrs.fr\/en\/?s={search_term_string}\"},\"query-input\":{\"@type\":\"PropertyValueSpecification\",\"valueRequired\":true,\"valueName\":\"search_term_string\"}}],\"inLanguage\":\"en-US\"}]}<\/script>\n<!-- \/ Yoast SEO plugin. -->","yoast_head_json":{"title":"Disclaimer - Ligan","robots":{"index":"index","follow":"follow","max-snippet":"max-snippet:-1","max-image-preview":"max-image-preview:large","max-video-preview":"max-video-preview:-1"},"canonical":"https:\/\/ligan.good.cnrs.fr\/en\/mentions-legales\/","og_locale":"en_US","og_type":"article","og_title":"Disclaimer - Ligan","og_description":"Disclaimer LIGAN PM, genomics platform of UMR 1283-8199 Fonctional (Epi)genomics and Mechanisms of Type 2 Diabetes and Related Diseases CNRS \u2013 Centre National de la Recherche Scientifique 3, rue Michel-Ange 75794 Paris cedex 16 \u2013 France T\u00e9l\u00e9phone : + 33 1 44 96 40 00 T\u00e9l\u00e9copie : + 33 1 44 96 53 90 &nbsp; [&hellip;]","og_url":"https:\/\/ligan.good.cnrs.fr\/en\/mentions-legales\/","og_site_name":"Ligan","article_modified_time":"2023-07-19T12:17:55+00:00","twitter_card":"summary_large_image","twitter_misc":{"Est. reading time":"2 minutes"},"schema":{"@context":"https:\/\/schema.org","@graph":[{"@type":"WebPage","@id":"https:\/\/ligan.good.cnrs.fr\/en\/mentions-legales\/","url":"https:\/\/ligan.good.cnrs.fr\/en\/mentions-legales\/","name":"Disclaimer - Ligan","isPartOf":{"@id":"https:\/\/ligan.good.cnrs.fr\/en\/#website"},"datePublished":"2016-03-30T09:21:45+00:00","dateModified":"2023-07-19T12:17:55+00:00","breadcrumb":{"@id":"https:\/\/ligan.good.cnrs.fr\/en\/mentions-legales\/#breadcrumb"},"inLanguage":"en-US","potentialAction":[{"@type":"ReadAction","target":["https:\/\/ligan.good.cnrs.fr\/en\/mentions-legales\/"]}]},{"@type":"BreadcrumbList","@id":"https:\/\/ligan.good.cnrs.fr\/en\/mentions-legales\/#breadcrumb","itemListElement":[{"@type":"ListItem","position":1,"name":"Accueil","item":"https:\/\/ligan.good.cnrs.fr\/en\/"},{"@type":"ListItem","position":2,"name":"Disclaimer"}]},{"@type":"WebSite","@id":"https:\/\/ligan.good.cnrs.fr\/en\/#website","url":"https:\/\/ligan.good.cnrs.fr\/en\/","name":"Ligan","description":"Un site utilisant WordPress","potentialAction":[{"@type":"SearchAction","target":{"@type":"EntryPoint","urlTemplate":"https:\/\/ligan.good.cnrs.fr\/en\/?s={search_term_string}"},"query-input":{"@type":"PropertyValueSpecification","valueRequired":true,"valueName":"search_term_string"}}],"inLanguage":"en-US"}]}},"_links":{"self":[{"href":"https:\/\/ligan.good.cnrs.fr\/en\/wp-json\/wp\/v2\/pages\/1128","targetHints":{"allow":["GET"]}}],"collection":[{"href":"https:\/\/ligan.good.cnrs.fr\/en\/wp-json\/wp\/v2\/pages"}],"about":[{"href":"https:\/\/ligan.good.cnrs.fr\/en\/wp-json\/wp\/v2\/types\/page"}],"author":[{"embeddable":true,"href":"https:\/\/ligan.good.cnrs.fr\/en\/wp-json\/wp\/v2\/users\/1"}],"replies":[{"embeddable":true,"href":"https:\/\/ligan.good.cnrs.fr\/en\/wp-json\/wp\/v2\/comments?post=1128"}],"version-history":[{"count":10,"href":"https:\/\/ligan.good.cnrs.fr\/en\/wp-json\/wp\/v2\/pages\/1128\/revisions"}],"predecessor-version":[{"id":2887,"href":"https:\/\/ligan.good.cnrs.fr\/en\/wp-json\/wp\/v2\/pages\/1128\/revisions\/2887"}],"wp:attachment":[{"href":"https:\/\/ligan.good.cnrs.fr\/en\/wp-json\/wp\/v2\/media?parent=1128"}],"curies":[{"name":"wp","href":"https:\/\/api.w.org\/{rel}","templated":true}]}}