{"id":1752,"date":"2020-09-17T12:56:18","date_gmt":"2020-09-17T11:56:18","guid":{"rendered":"http:\/\/ligan.good.cnrs.fr\/en\/?page_id=1752"},"modified":"2025-11-27T12:48:48","modified_gmt":"2025-11-27T11:48:48","slug":"spontaneous-job-application","status":"publish","type":"page","link":"https:\/\/ligan.good.cnrs.fr\/en\/spontaneous-job-application\/","title":{"rendered":"Spontaneous job application"},"content":{"rendered":"<p>Send us your application<\/p>\n<p>To send us your application, simply complete the form below. Your application is then sent directly to recruitment managers according to the profile you select. You can also add a cover letter to complete your application. We will contact you if any of our positions match your profile.<\/p>\n\n<div class=\"wpcf7 no-js\" id=\"wpcf7-f1751-o1\" lang=\"fr-FR\" dir=\"ltr\" data-wpcf7-id=\"1751\">\n<div class=\"screen-reader-response\"><p role=\"status\" aria-live=\"polite\" aria-atomic=\"true\"><\/p> <ul><\/ul><\/div>\n<form action=\"\/en\/wp-json\/wp\/v2\/pages\/1752#wpcf7-f1751-o1\" method=\"post\" class=\"wpcf7-form init\" aria-label=\"Formulaire de contact\" enctype=\"multipart\/form-data\" novalidate=\"novalidate\" data-status=\"init\">\n<fieldset class=\"hidden-fields-container\"><input type=\"hidden\" name=\"_wpcf7\" value=\"1751\" \/><input type=\"hidden\" name=\"_wpcf7_version\" value=\"6.1.3\" \/><input type=\"hidden\" name=\"_wpcf7_locale\" value=\"fr_FR\" \/><input type=\"hidden\" name=\"_wpcf7_unit_tag\" value=\"wpcf7-f1751-o1\" \/><input type=\"hidden\" name=\"_wpcf7_container_post\" value=\"0\" \/><input type=\"hidden\" name=\"_wpcf7_posted_data_hash\" value=\"\" \/>\n<\/fieldset>\n<p>Your name (required field)<br \/>\n    <span class=\"wpcf7-form-control-wrap\" data-name=\"your-name\"><input size=\"40\" maxlength=\"400\" class=\"wpcf7-form-control wpcf7-text wpcf7-validates-as-required mybg\" aria-required=\"true\" aria-invalid=\"false\" value=\"\" type=\"text\" name=\"your-name\" \/><\/span> <\/p>\n\n<p>Your surname (required field)<br \/>\n    <span class=\"wpcf7-form-control-wrap\" data-name=\"your-surname\"><input size=\"40\" maxlength=\"400\" class=\"wpcf7-form-control wpcf7-text wpcf7-validates-as-required mybg\" aria-required=\"true\" aria-invalid=\"false\" value=\"\" type=\"text\" name=\"your-surname\" \/><\/span> <\/p>\n\n<p>Your Email (required field)<br \/>\n    <span class=\"wpcf7-form-control-wrap\" data-name=\"your-email\"><input size=\"40\" maxlength=\"400\" class=\"wpcf7-form-control wpcf7-email wpcf7-validates-as-required wpcf7-text wpcf7-validates-as-email mybg\" aria-required=\"true\" aria-invalid=\"false\" value=\"\" type=\"email\" name=\"your-email\" \/><\/span> <\/p>\n\n<!-- <p>Confirm your Email (required field)<br \/>\n   [checkmail checkmail-867 class:mybg \"your-email\"] <\/p>-->\n\n<p>Your profile (required field)<br \/>\n<span class=\"wpcf7-form-control-wrap\" data-name=\"chx-objet\"><select class=\"wpcf7-form-control wpcf7-select wpcf7-validates-as-required\" aria-required=\"true\" aria-invalid=\"false\" name=\"chx-objet\"><option value=\"Post-doc\">Post-doc<\/option><option value=\"Biology engineer and technician\">Biology engineer and technician<\/option><option value=\"Bioinformatic engineer\">Bioinformatic engineer<\/option><option value=\"biostatistics engineer\">biostatistics engineer<\/option><option value=\"Computer Engineer and Technician\">Computer Engineer and Technician<\/option><option value=\"Administrative office\">Administrative office<\/option><option value=\"Internship\">Internship<\/option><option value=\"Other\">Other<\/option><\/select><\/span><\/p>\n\n<p>Your Curriculum Vit\u00e6. (.pdf .doc .docx) <u>(required field)<\/u><br \/>\n<span class=\"wpcf7-form-control-wrap\" data-name=\"file-cv\"><input size=\"40\" class=\"wpcf7-form-control wpcf7-file wpcf7-validates-as-required\" accept=\".pdf,.doc,.docx\" aria-required=\"true\" aria-invalid=\"false\" type=\"file\" name=\"file-cv\" \/><\/span><\/p>\n\n<p>Your cover letter. (.pdf .doc .docx)<br \/>\n<span class=\"wpcf7-form-control-wrap\" data-name=\"file-motiv\"><input size=\"40\" class=\"wpcf7-form-control wpcf7-file\" accept=\".pdf,.doc,.docx\" aria-invalid=\"false\" type=\"file\" name=\"file-motiv\" \/><\/span><\/p>\n\n<p>Your message<br \/>\n    <span class=\"wpcf7-form-control-wrap\" data-name=\"your-message\"><textarea cols=\"30\" rows=\"4\" maxlength=\"2000\" class=\"wpcf7-form-control wpcf7-textarea mybg\" aria-invalid=\"false\" name=\"your-message\"><\/textarea><\/span> <\/p>\n\n<p><input class=\"wpcf7-form-control wpcf7-submit has-spinner\" type=\"submit\" value=\"Send\" \/><\/p><div class=\"wpcf7-response-output\" aria-hidden=\"true\"><\/div>\n<\/form>\n<\/div>\n\n<p><a href=\"http:\/\/www.good.cnrs.fr\">follow this link to go to UMR1283-8199 web site<\/a><\/p>\n<p>Conform\u00e9ment au Code du travail, nous vous informons que la proc\u00e9dure de recrutement utilis\u00e9e par notre laboratoire comprend un ou plusieurs entretiens dans le cas o\u00f9 votre candidature serait retenue. Nous vous informons que les donn\u00e9es de ce formulaire sont informatis\u00e9es. Elles seront trait\u00e9es de fa\u00e7on confidentielle. Vos donn\u00e9es seront conserv\u00e9es pour une dur\u00e9e de 12 mois \u00e0 compter de votre dernier contact. Seules les personnes habilit\u00e9es de notre laboratoire pourront acc\u00e9der \u00e0 vos donn\u00e9es \u00e0 des fins strictement internes. Vous pouvez acc\u00e9der aux informations vous concernant, les rectifier ou les supprimer ; pour ce faire, il suffit de vous adresser par courrier aupr\u00e8s de l\u2019UMR1283 \u00e0 l\u2019adresse suivante : UMR1283 \u2013 EGID, P\u00f4le Recherche : 1, place de Verdun \u2013 59045 LILLE CEDEX \u2013 France.<\/p>\n","protected":false},"excerpt":{"rendered":"<p>Send us your application To send us your application, simply complete the form below. Your application is then sent directly to recruitment managers according to the profile you select. You can also add a cover letter to complete your application. We will contact you if any of our positions match your profile. follow this link [&hellip;]<\/p>\n","protected":false},"author":1,"featured_media":0,"parent":0,"menu_order":1,"comment_status":"closed","ping_status":"closed","template":"","meta":{"_acf_changed":false,"footnotes":""},"class_list":["post-1752","page","type-page","status-publish","hentry"],"acf":[],"yoast_head":"<!-- This site is optimized with the Yoast SEO plugin v26.3 - https:\/\/yoast.com\/wordpress\/plugins\/seo\/ -->\n<title>Spontaneous job application - Ligan<\/title>\n<meta name=\"robots\" content=\"index, follow, max-snippet:-1, max-image-preview:large, max-video-preview:-1\" \/>\n<link rel=\"canonical\" href=\"https:\/\/ligan.good.cnrs.fr\/en\/spontaneous-job-application\/\" \/>\n<meta property=\"og:locale\" content=\"en_US\" \/>\n<meta property=\"og:type\" content=\"article\" \/>\n<meta property=\"og:title\" content=\"Spontaneous job application - Ligan\" \/>\n<meta property=\"og:description\" content=\"Send us your application To send us your application, simply complete the form below. Your application is then sent directly to recruitment managers according to the profile you select. You can also add a cover letter to complete your application. We will contact you if any of our positions match your profile. follow this link [&hellip;]\" \/>\n<meta property=\"og:url\" content=\"https:\/\/ligan.good.cnrs.fr\/en\/spontaneous-job-application\/\" \/>\n<meta property=\"og:site_name\" content=\"Ligan\" \/>\n<meta property=\"article:modified_time\" content=\"2025-11-27T11:48:48+00:00\" \/>\n<meta name=\"twitter:card\" content=\"summary_large_image\" \/>\n<meta name=\"twitter:label1\" content=\"Est. reading time\" \/>\n\t<meta name=\"twitter:data1\" content=\"1 minute\" \/>\n<script type=\"application\/ld+json\" class=\"yoast-schema-graph\">{\"@context\":\"https:\/\/schema.org\",\"@graph\":[{\"@type\":\"WebPage\",\"@id\":\"https:\/\/ligan.good.cnrs.fr\/en\/spontaneous-job-application\/\",\"url\":\"https:\/\/ligan.good.cnrs.fr\/en\/spontaneous-job-application\/\",\"name\":\"Spontaneous job application - Ligan\",\"isPartOf\":{\"@id\":\"https:\/\/ligan.good.cnrs.fr\/en\/#website\"},\"datePublished\":\"2020-09-17T11:56:18+00:00\",\"dateModified\":\"2025-11-27T11:48:48+00:00\",\"breadcrumb\":{\"@id\":\"https:\/\/ligan.good.cnrs.fr\/en\/spontaneous-job-application\/#breadcrumb\"},\"inLanguage\":\"en-US\",\"potentialAction\":[{\"@type\":\"ReadAction\",\"target\":[\"https:\/\/ligan.good.cnrs.fr\/en\/spontaneous-job-application\/\"]}]},{\"@type\":\"BreadcrumbList\",\"@id\":\"https:\/\/ligan.good.cnrs.fr\/en\/spontaneous-job-application\/#breadcrumb\",\"itemListElement\":[{\"@type\":\"ListItem\",\"position\":1,\"name\":\"Accueil\",\"item\":\"https:\/\/ligan.good.cnrs.fr\/en\/\"},{\"@type\":\"ListItem\",\"position\":2,\"name\":\"Spontaneous job application\"}]},{\"@type\":\"WebSite\",\"@id\":\"https:\/\/ligan.good.cnrs.fr\/en\/#website\",\"url\":\"https:\/\/ligan.good.cnrs.fr\/en\/\",\"name\":\"Ligan\",\"description\":\"Un site utilisant WordPress\",\"potentialAction\":[{\"@type\":\"SearchAction\",\"target\":{\"@type\":\"EntryPoint\",\"urlTemplate\":\"https:\/\/ligan.good.cnrs.fr\/en\/?s={search_term_string}\"},\"query-input\":{\"@type\":\"PropertyValueSpecification\",\"valueRequired\":true,\"valueName\":\"search_term_string\"}}],\"inLanguage\":\"en-US\"}]}<\/script>\n<!-- \/ Yoast SEO plugin. -->","yoast_head_json":{"title":"Spontaneous job application - Ligan","robots":{"index":"index","follow":"follow","max-snippet":"max-snippet:-1","max-image-preview":"max-image-preview:large","max-video-preview":"max-video-preview:-1"},"canonical":"https:\/\/ligan.good.cnrs.fr\/en\/spontaneous-job-application\/","og_locale":"en_US","og_type":"article","og_title":"Spontaneous job application - Ligan","og_description":"Send us your application To send us your application, simply complete the form below. Your application is then sent directly to recruitment managers according to the profile you select. You can also add a cover letter to complete your application. We will contact you if any of our positions match your profile. follow this link [&hellip;]","og_url":"https:\/\/ligan.good.cnrs.fr\/en\/spontaneous-job-application\/","og_site_name":"Ligan","article_modified_time":"2025-11-27T11:48:48+00:00","twitter_card":"summary_large_image","twitter_misc":{"Est. reading time":"1 minute"},"schema":{"@context":"https:\/\/schema.org","@graph":[{"@type":"WebPage","@id":"https:\/\/ligan.good.cnrs.fr\/en\/spontaneous-job-application\/","url":"https:\/\/ligan.good.cnrs.fr\/en\/spontaneous-job-application\/","name":"Spontaneous job application - Ligan","isPartOf":{"@id":"https:\/\/ligan.good.cnrs.fr\/en\/#website"},"datePublished":"2020-09-17T11:56:18+00:00","dateModified":"2025-11-27T11:48:48+00:00","breadcrumb":{"@id":"https:\/\/ligan.good.cnrs.fr\/en\/spontaneous-job-application\/#breadcrumb"},"inLanguage":"en-US","potentialAction":[{"@type":"ReadAction","target":["https:\/\/ligan.good.cnrs.fr\/en\/spontaneous-job-application\/"]}]},{"@type":"BreadcrumbList","@id":"https:\/\/ligan.good.cnrs.fr\/en\/spontaneous-job-application\/#breadcrumb","itemListElement":[{"@type":"ListItem","position":1,"name":"Accueil","item":"https:\/\/ligan.good.cnrs.fr\/en\/"},{"@type":"ListItem","position":2,"name":"Spontaneous job application"}]},{"@type":"WebSite","@id":"https:\/\/ligan.good.cnrs.fr\/en\/#website","url":"https:\/\/ligan.good.cnrs.fr\/en\/","name":"Ligan","description":"Un site utilisant WordPress","potentialAction":[{"@type":"SearchAction","target":{"@type":"EntryPoint","urlTemplate":"https:\/\/ligan.good.cnrs.fr\/en\/?s={search_term_string}"},"query-input":{"@type":"PropertyValueSpecification","valueRequired":true,"valueName":"search_term_string"}}],"inLanguage":"en-US"}]}},"_links":{"self":[{"href":"https:\/\/ligan.good.cnrs.fr\/en\/wp-json\/wp\/v2\/pages\/1752","targetHints":{"allow":["GET"]}}],"collection":[{"href":"https:\/\/ligan.good.cnrs.fr\/en\/wp-json\/wp\/v2\/pages"}],"about":[{"href":"https:\/\/ligan.good.cnrs.fr\/en\/wp-json\/wp\/v2\/types\/page"}],"author":[{"embeddable":true,"href":"https:\/\/ligan.good.cnrs.fr\/en\/wp-json\/wp\/v2\/users\/1"}],"replies":[{"embeddable":true,"href":"https:\/\/ligan.good.cnrs.fr\/en\/wp-json\/wp\/v2\/comments?post=1752"}],"version-history":[{"count":2,"href":"https:\/\/ligan.good.cnrs.fr\/en\/wp-json\/wp\/v2\/pages\/1752\/revisions"}],"predecessor-version":[{"id":3209,"href":"https:\/\/ligan.good.cnrs.fr\/en\/wp-json\/wp\/v2\/pages\/1752\/revisions\/3209"}],"wp:attachment":[{"href":"https:\/\/ligan.good.cnrs.fr\/en\/wp-json\/wp\/v2\/media?parent=1752"}],"curies":[{"name":"wp","href":"https:\/\/api.w.org\/{rel}","templated":true}]}}