{"id":1759,"date":"2020-09-17T13:20:33","date_gmt":"2020-09-17T12:20:33","guid":{"rendered":"http:\/\/ligan.good.cnrs.fr\/en\/?page_id=1759"},"modified":"2025-11-27T12:46:35","modified_gmt":"2025-11-27T11:46:35","slug":"contact-us","status":"publish","type":"page","link":"https:\/\/ligan.good.cnrs.fr\/en\/contact-us\/","title":{"rendered":"Contact us"},"content":{"rendered":"<p>For a telephone contact, please go through the UMR1283\/8199 secretariat at +33-3-74-00-81-00.<\/p>\n<p>To contact a particular person in UMR1283\/8199, please indicate his\/her first and last name in the text of your message below. To help you, you will find on this page the list of laboratory members and you can also refer to the <a href=\"http:\/\/www.good.cnrs.fr\/organigramme\/\" target=\"_blank\" rel=\"noopener\">organigram of the unit<\/a>.<\/p>\n\n<div class=\"wpcf7 no-js\" id=\"wpcf7-f1760-o1\" lang=\"fr-FR\" dir=\"ltr\" data-wpcf7-id=\"1760\">\n<div class=\"screen-reader-response\"><p role=\"status\" aria-live=\"polite\" aria-atomic=\"true\"><\/p> <ul><\/ul><\/div>\n<form action=\"\/en\/wp-json\/wp\/v2\/pages\/1759#wpcf7-f1760-o1\" method=\"post\" class=\"wpcf7-form init\" aria-label=\"Formulaire de contact\" novalidate=\"novalidate\" data-status=\"init\">\n<fieldset class=\"hidden-fields-container\"><input type=\"hidden\" name=\"_wpcf7\" value=\"1760\" \/><input type=\"hidden\" name=\"_wpcf7_version\" value=\"6.1.3\" \/><input type=\"hidden\" name=\"_wpcf7_locale\" value=\"fr_FR\" \/><input type=\"hidden\" name=\"_wpcf7_unit_tag\" value=\"wpcf7-f1760-o1\" \/><input type=\"hidden\" name=\"_wpcf7_container_post\" value=\"0\" \/><input type=\"hidden\" name=\"_wpcf7_posted_data_hash\" value=\"\" \/>\n<\/fieldset>\n<p>Your name (required field)<br \/>\n    <span class=\"wpcf7-form-control-wrap\" data-name=\"your-name\"><input size=\"40\" maxlength=\"400\" class=\"wpcf7-form-control wpcf7-text wpcf7-validates-as-required mybg\" aria-required=\"true\" aria-invalid=\"false\" value=\"\" type=\"text\" name=\"your-name\" \/><\/span> <\/p>\n\n<p>Your laboratory (required field)<br \/>\n    <span class=\"wpcf7-form-control-wrap\" data-name=\"your-lab\"><input size=\"40\" maxlength=\"400\" class=\"wpcf7-form-control wpcf7-text wpcf7-validates-as-required mybg\" aria-required=\"true\" aria-invalid=\"false\" value=\"\" type=\"text\" name=\"your-lab\" \/><\/span> <\/p>\n\n<p>Your Email (required field)<br \/>\n    <span class=\"wpcf7-form-control-wrap\" data-name=\"your-email\"><input size=\"40\" maxlength=\"400\" class=\"wpcf7-form-control wpcf7-email wpcf7-validates-as-required wpcf7-text wpcf7-validates-as-email mybg\" aria-required=\"true\" aria-invalid=\"false\" value=\"\" type=\"email\" name=\"your-email\" \/><\/span> <\/p>\n\n<!-- <p>Confirm your Email (required field)<br \/>\n   [checkmail checkmail-867 class:mybg \"your-email\"] <\/p>-->\n\n<p>Theme<br \/>\n<span class=\"wpcf7-form-control-wrap\" data-name=\"chx-objet\"><span class=\"wpcf7-form-control wpcf7-checkbox\"><span class=\"wpcf7-list-item first\"><input type=\"checkbox\" name=\"chx-objet[]\" value=\"extractions\" \/><span class=\"wpcf7-list-item-label\">extractions<\/span><\/span><span class=\"wpcf7-list-item\"><input type=\"checkbox\" name=\"chx-objet[]\" value=\"g\u00e9notyping \/ expression\" \/><span class=\"wpcf7-list-item-label\">g\u00e9notyping \/ expression<\/span><\/span><span class=\"wpcf7-list-item\"><input type=\"checkbox\" name=\"chx-objet[]\" value=\"NGS\" \/><span class=\"wpcf7-list-item-label\">NGS<\/span><\/span><span class=\"wpcf7-list-item\"><input type=\"checkbox\" name=\"chx-objet[]\" value=\"Bioinformatics &amp; biostatistics\" \/><span class=\"wpcf7-list-item-label\">Bioinformatics &amp; biostatistics<\/span><\/span><span class=\"wpcf7-list-item last\"><input type=\"checkbox\" name=\"chx-objet[]\" value=\"other\" \/><span class=\"wpcf7-list-item-label\">other<\/span><\/span><\/span><\/span><\/p>\n\n<p>Recipient(s) (if any)<br \/>\n<span class=\"wpcf7-form-control-wrap\" data-name=\"menu-dest\"><select class=\"wpcf7-form-control wpcf7-select\" aria-invalid=\"false\" multiple=\"multiple\" name=\"menu-dest[]\"><option value=\"FROGUEL Philippe\">FROGUEL Philippe<\/option><option value=\"BONNEFOND Am\u00e9lie\">BONNEFOND Am\u00e9lie<\/option><option value=\"ABDELGADER-KHAMIS Amna\">ABDELGADER-KHAMIS Amna<\/option><option value=\"AFNOUCH Marwa\">AFNOUCH Marwa<\/option><option value=\"AKERBLOM Salla\">AKERBLOM Salla<\/option><option value=\"ALLEGAERT Fr\u00e9d\u00e9ric\">ALLEGAERT Fr\u00e9d\u00e9ric<\/option><option value=\"AMANZOUGARENE Souhila\">AMANZOUGARENE Souhila<\/option><option value=\"BEKE Timoth\u00e9e\">BEKE Timoth\u00e9e<\/option><option value=\"BENLIAN Pascale\">BENLIAN Pascale<\/option><option value=\"BINAN Omaima\">BINAN Omaima<\/option><option value=\"BOUIDGHAGHEN Lydia\">BOUIDGHAGHEN Lydia<\/option><option value=\"BOUTRY Rapha\u00ebl\">BOUTRY Rapha\u00ebl<\/option><option value=\"BRETON Christophe\">BRETON Christophe<\/option><option value=\"BUSE FALAY Emmanuel\">BUSE FALAY Emmanuel<\/option><option value=\"CASTRO DIONICIO Ines\">CASTRO DIONICIO Ines<\/option><option value=\"DECHAUME Aur\u00e9lie\">DECHAUME Aur\u00e9lie<\/option><option value=\"DE GAVRE H\u00e9l\u00e8ne\">DE GAVRE H\u00e9l\u00e8ne<\/option><option value=\"DELPLANQUE J\u00e9r\u00f4me\">DELPLANQUE J\u00e9r\u00f4me<\/option><option value=\"DE POOTER Fr\u00e9d\u00e9rique\">DE POOTER Fr\u00e9d\u00e9rique<\/option><option value=\"DEPRINCE Audrey\">DEPRINCE Audrey<\/option><option value=\"DERHOURHI Mehdi\">DERHOURHI Mehdi<\/option><option value=\"Devos Claire\">Devos Claire<\/option><option value=\"DUMAS Marc-Emmanuel\">DUMAS Marc-Emmanuel<\/option><option value=\"ELHAMRAOUI Zahra\">ELHAMRAOUI Zahra<\/option><option value=\"FETTEM Sma\u00efn\">FETTEM Sma\u00efn<\/option><option value=\"FOURCOT MArie\">FOURCOT MArie<\/option><option value=\"GAGET Stefan\">GAGET Stefan<\/option><option value=\"GAMBARDELLA Nicolas\">GAMBARDELLA Nicolas<\/option><option value=\"GENG Shuangshuang\">GENG Shuangshuang<\/option><option value=\"GIRARD Corentin\">GIRARD Corentin<\/option><option value=\"HENRIQUES Emma\">HENRIQUES Emma<\/option><option value=\"KUREZOBA Nicolas\">KUREZOBA Nicolas<\/option><option value=\"LE COLLEN Lauriane\">LE COLLEN Lauriane<\/option><option value=\"LEDOUX Anne-Sophie\">LEDOUX Anne-Sophie<\/option><option value=\"LELOIRE Audrey\">LELOIRE Audrey<\/option><option value=\"LOISELLE Constance\">LOISELLE Constance<\/option><option value=\"LOISELLE H\u00e9l\u00e8ne\">LOISELLE H\u00e9l\u00e8ne<\/option><option value=\"MARECHAL Xavier\">MARECHAL Xavier<\/option><option value=\"MASSY Vincent\">MASSY Vincent<\/option><option value=\"MERRHEIM Judith\">MERRHEIM Judith<\/option><option value=\"MEULEBROUCK Sarah\">MEULEBROUCK Sarah<\/option><option value=\"MOCHON Lisa\">MOCHON Lisa<\/option><option value=\"MONTAGNE Louise\">MONTAGNE Louise<\/option><option value=\"MONTAIGNE Jessica\">MONTAIGNE Jessica<\/option><option value=\"OGER Fr\u00e9d\u00e9rik\">OGER Fr\u00e9d\u00e9rik<\/option><option value=\"PACHECO TAPIA Romina\">PACHECO TAPIA Romina<\/option><option value=\"PERIMENIS Pierrette\">PERIMENIS Pierrette<\/option><option value=\"POULAIN Sylvie\">POULAIN Sylvie<\/option><option value=\"PROKOPENKO Inga\">PROKOPENKO Inga<\/option><option value=\"PUIG CASTELLVI Francesc\">PUIG CASTELLVI Francesc<\/option><option value=\"PULVERMULLER Gilles\">PULVERMULLER Gilles<\/option><option value=\"RAMMAL Zeinab\">RAMMAL Zeinab<\/option><option value=\"RAMPHFT Naomie\">RAMPHFT Naomie<\/option><option value=\"SAEED Sadia\">SAEED Sadia<\/option><option value=\"SCHERRER Victoria\">SCHERRER Victoria<\/option><option value=\"TOUAIBI Chaima\">TOUAIBI Chaima<\/option><option value=\"TOUSSAINT B\u00e9n\u00e9dicte\">TOUSSAINT B\u00e9n\u00e9dicte<\/option><option value=\"VAILLANT Emmanuel\">VAILLANT Emmanuel<\/option><option value=\"VAMBERGUE Anne\">VAMBERGUE Anne<\/option><option value=\"VANDESQUILLE Mathias\">VANDESQUILLE Mathias<\/option><option value=\"VATIN Vincent\">VATIN Vincent<\/option><option value=\"VAXILLAIRE Martine\">VAXILLAIRE Martine<\/option><option value=\"VELAYOUDOM Fritz-line\">VELAYOUDOM Fritz-line<\/option><option value=\"WANG Zhaojie\">WANG Zhaojie<\/option><option value=\"ZAIBI Nawel\">ZAIBI Nawel<\/option><\/select><\/span>\n\n<p>Your message<br \/>\n    <span class=\"wpcf7-form-control-wrap\" data-name=\"your-message\"><textarea cols=\"30\" rows=\"4\" maxlength=\"2000\" class=\"wpcf7-form-control wpcf7-textarea mybg\" aria-invalid=\"false\" name=\"your-message\"><\/textarea><\/span> <\/p>\n\n<p><input class=\"wpcf7-form-control wpcf7-submit has-spinner\" type=\"submit\" value=\"Send\" \/><\/p><div class=\"wpcf7-response-output\" aria-hidden=\"true\"><\/div>\n<\/form>\n<\/div>\n\n<p><a href=\"http:\/\/www.good.cnrs.fr\">Follow this link to go back to the UMR1283-8199 web site<\/a><\/p>\n<p><span style=\"text-decoration: underline;\">List of laboratory members (March 1st, 2025) :<\/span><\/p>\n<ul>\n<li>\n<ul>\n<li><strong>ABDELGADER-KHAMIS Amna<\/strong>, CPJ UDL, Recherche \u00e9quipe Inserm<\/li>\n<li><strong>AFNOUCH Marwa<\/strong>, Post-Doc CNRS, Recherche \u00e9quipe Inserm<\/li>\n<li><strong>AKERBLOM Salla<\/strong>, Etudiant en th\u00e8se UDL, Recherche \u00e9quipe Inserm<\/li>\n<li><strong>ALLEGAERT Fr\u00e9d\u00e9ric<\/strong>, AI UDL, Biobanque<\/li>\n<li><strong>AMANZOUGARENE Souhila<\/strong>, IE UDL, Bioinformatique<\/li>\n<li><strong>BEKE Timoth\u00e9e<\/strong>, AI UDL, Biobanque<\/li>\n<li><strong>BENLIAN Pascale<\/strong>, MCUPH CHU Lille, Recherche \u00e9quipe Inserm<\/li>\n<li><strong>BINAN Omaima<\/strong>, Etudiant en th\u00e8se UDL, Recherche \u00e9quipe Inserm<\/li>\n<li><strong>BONNEFOND Am\u00e9lie<\/strong>, DR INSERM, Recherche \u00e9quipe Inserm<\/li>\n<li><strong>BOUIDGHAGHEN Lydia<\/strong>, IE UDL, Mass-spectrometry-based metabolomics<\/li>\n<li><strong>BOUTRY Rapha\u00ebl<\/strong>, AI UDL, Next-Generation Sequencing &amp; genotyping (LIGAN platform)<\/li>\n<li><strong>BRETON Christophe<\/strong>, PU UDL, Recherche \u00e9quipe Inserm<\/li>\n<li><strong>BUSE FALAY Emmanuel<\/strong>, IE UDL, Bioinformatique<\/li>\n<li><strong>CASTRO DIONICIO Ines<\/strong>, Post-Doc INSERM, Recherche \u00e9quipe Inserm<\/li>\n<li><strong>DECHAUME Aur\u00e9lie<\/strong>, IE UDL, Next-Generation Sequencing &amp; genotyping (LIGAN platform)<\/li>\n<li><strong>DE GAVRE H\u00e9l\u00e8ne<\/strong>, IE CNRS, Gestion financi\u00e8re et achats<\/li>\n<li><strong>DELPLANQUE J\u00e9r\u00f4me<\/strong>, IR CNRS, Functional Genetics &#8211; Obesity<\/li>\n<li><strong>DE POOTER Fr\u00e9d\u00e9rique<\/strong>, T UDL, Next-Generation Sequencing &amp; genotyping (LIGAN platform)<\/li>\n<li><strong>DEPRINCE Audrey<\/strong>, Post-Doc UDL, Recherche \u00e9quipe Inserm<\/li>\n<li><strong>DERHOURHI Mehdi<\/strong>, IR INSERM, Bioinformatique<\/li>\n<li><strong>DEVOS Claire<\/strong>, IE UDL, Functional Genetics &#8211; Obesity<\/li>\n<li><strong>DUMAS Marc-Emmanuel<\/strong>, CR CNRS, Recherche \u00e9quipe Inserm<\/li>\n<li><strong>ELHAMRAOUI Zahra<\/strong>, IE UDL, Mass-spectrometry-based metabolomics<\/li>\n<li><strong>FETTEM Sma\u00efn<\/strong>,\u00a0IR UDL, Intelligence artificielle<\/li>\n<li><strong>FOURCOT MArie<\/strong>,\u00a0IE UDL, Biostatistiques<\/li>\n<li><strong>FROGUEL Philippe<\/strong>, PUPH UDL CHU Lille, Directeur de l&#8217;unit\u00e9 &amp; Recherche \u00e9quipe Inserm<\/li>\n<li><strong>GAGET Stefan<\/strong>, IR CNRS, Logiciels et donn\u00e9es scientifiques<\/li>\n<li><strong>GAMBARDELLA Nicolas<\/strong>, DR CNRS, Recherche \u00e9quipe Inserm<\/li>\n<li><strong>GENG Shuangshuang<\/strong>, IE UDL, Biostatistiques<\/li>\n<li><strong>GIRARD Corentin<\/strong>,\u00a0IE UDL, Next-Generation Sequencing &amp; genotyping (LIGAN platform)<\/li>\n<li><strong>HENRIQUES Emma<\/strong>, IE Inserm, Biostatistiques<\/li>\n<li><strong>KUREZOBA Nicolas<\/strong>, T UDL, Gestion financi\u00e8re et achats<\/li>\n<li><strong>LE COLLEN Lauriane<\/strong>, PH CHRU Nancy, Recherche \u00e9quipe Inserm<\/li>\n<li><strong>LEDOUX Anne-Sophie<\/strong>, IR CNRS, Syst\u00e8mes et R\u00e9seaux<\/li>\n<li><strong>LELOIRE Audrey<\/strong>, AI CNRS, Functional Genetics &#8211; Obesity<\/li>\n<li><strong>LOISELLE Constance<\/strong>, T UDL, Gestion financi\u00e8re et achats &amp; EGID \/ PreciDiab<\/li>\n<li><strong>LOISELLE H\u00e9l\u00e8ne<\/strong>, AI UDL, Functional Genetics &#8211; Obesity<\/li>\n<li><strong>MARECHAL Xavier<\/strong>, IR UDL, Recherche \u00e9quipe Inserm<\/li>\n<li><strong>MASSY Vincent<\/strong>, IE UDL, Syst\u00e8mes et R\u00e9seaux<\/li>\n<li><strong>MERRHEIM Judith<\/strong>, IR INSERM, \u00e9tudes in vivo<\/li>\n<li><strong>MEULEBROUCK Sarah<\/strong>, Post-Doc UDL, Recherche \u00e9quipe Inserm<\/li>\n<li><strong>MOCHON Lisa<\/strong>, IE UDL, EGID \/ PreciDiab<\/li>\n<li><strong>MONTAGNE Louise<\/strong>, MCUPH GHICL, Recherche \u00e9quipe Inserm<\/li>\n<li><strong>MONTAIGNE Jessica<\/strong>, T UDL, \u00e9tudes in vivo<\/li>\n<li><strong>OGER Fr\u00e9d\u00e9rik<\/strong>,\u00a0Chercheur contractuel INSERM, Recherche \u00e9quipe Inserm<\/li>\n<li><strong>PACHECO TAPIA Romina<\/strong>, Post-Doc UDL, Recherche \u00e9quipe Inserm<\/li>\n<li><strong>PERIMENIS Pierrette<\/strong>, PUPH GHICL, Recherche \u00e9quipe Inserm<\/li>\n<li><strong>POULAIN Sylvie<\/strong>, AI CNRS, Cohortes de patients<\/li>\n<li><strong>PROKOPENKO Inga<\/strong>, PU Serrey Univ, Recherche \u00e9quipe Inserm<\/li>\n<li><strong>PUIG CASTELLVI Francesc<\/strong>, Post-Doc INSERM, Recherche \u00e9quipe Inserm<\/li>\n<li><strong>PULVERMULLER Gilles<\/strong>, IR CNRS, EGID \/ PreciDiab<\/li>\n<li><strong>RAMMAL Zeinab<\/strong>, Etudiante en th\u00e8se CNRS, Recherche \u00e9quipe Inserm<\/li>\n<li><strong>RAMPHFT Naomie<\/strong>, IE IPL, Next-Generation Sequencing &amp; genotyping (LIGAN platform)<\/li>\n<li><strong>SAEED Sadia<\/strong>, Post-Doc INSERM, Recherche \u00e9quipe Inserm<\/li>\n<li><strong>SCHERRER Victoria<\/strong>, IE UDL, Functional Genetics &#8211; Obesity<\/li>\n<li><strong>TOUAIBI Chaima<\/strong>, Etudiant en th\u00e8se UDL, Recherche \u00e9quipe Inserm<\/li>\n<li><strong>TOUSSAINT B\u00e9n\u00e9dicte<\/strong>, IE INSERM, Next-Generation Sequencing &amp; genotyping (LIGAN platform)<\/li>\n<li><strong>VAILLANT Emmanuel<\/strong>, IE CNRS, Next-Generation Sequencing &amp; genotyping (LIGAN platform)<\/li>\n<li><strong>VAMBERGUE Anne<\/strong>, PUPH UDL CHU Lille, Recherche \u00e9quipe Inserm<\/li>\n<li><strong>VANDESQUILLE Mathias<\/strong>, IR UDL, EGID \/ PreciDiab<\/li>\n<li><strong>VATIN Vincent<\/strong>, CG IPL, Gestion financi\u00e8re et achats &amp; EGID \/ PreciDiab<\/li>\n<li><strong>VAXILLAIRE Martine<\/strong>, DR IPL, Recherche \u00e9quipe Inserm<\/li>\n<li><strong>VELAYOUDOM Fritz-line<\/strong>, MCUPH CHU Guadeloupe, Recherche \u00e9quipe Inserm<\/li>\n<li><strong>WANG Zhaojie<\/strong>, Etudiant en th\u00e8se CNRS, Recherche \u00e9quipe Inserm<\/li>\n<li><strong>ZAIBI Nawel<\/strong>, Post-Doc\u00a0UDL, Recherche \u00e9quipe Inserm<\/li>\n<\/ul>\n<\/li>\n<\/ul>\n<p>&nbsp;<\/p>\n<p><span style=\"text-decoration: underline;\">L\u00e9gendes \/ Legends :<\/span><\/p>\n<ul>\n<li><strong>Recherche \u00e9quipe 1 \/ Research Team 1<\/strong> : (Epi)g\u00e9nomique fonctionnelle m\u00e9tabolique et des dysfonctions dans le diab\u00e8te de type 2 et des maladies associ\u00e9es \/ Metabolic functional (epi)genomics and their abnormalities in type 2 diabetes and related disorders<\/li>\n<li><strong>Recherche \u00e9quipe 2 \/ Research Team 2<\/strong> : Pathophysiologie mol\u00e9culaire et cellulaire des maladies m\u00e9taboliques \/ Molecular and cellular pathophysiology of metabolic diseases<\/li>\n<\/ul>\n<ul>\n<li><strong>CHU Lille<\/strong> : Centre Hospitalier Universitaire de Lille<\/li>\n<li><strong>CNRS<\/strong> : Centre National de la Recherche Scientifique<\/li>\n<li><strong>EGID<\/strong> : European Genomic Institute for Diabetes<\/li>\n<li><strong>GHICL<\/strong> : Groupement des H\u00f4pitaux de l&#8217;Institut Catholique de Lille<\/li>\n<li><strong>INSERM<\/strong> : Institut National de la Sant\u00e9 et de la Recherche M\u00e9dicale<\/li>\n<li><strong>IPL<\/strong> : Institut Pasteur de Lille<\/li>\n<li><strong>ISITE<\/strong> : Initiatives-Science\u2013Innovation\u2013Territoires\u2013Economie<\/li>\n<li><strong>PRECIDIAB<\/strong> : National Center for Precision Diabetic Medicine<\/li>\n<li><strong>SATT<\/strong> : Soci\u00e9t\u00e9 d&#8217;Acc\u00e9l\u00e9ration du Transfert de Technologies<\/li>\n<li><strong>UDL<\/strong> : Universit\u00e9 De Lille<\/li>\n<\/ul>\n<ul>\n<li><strong>AI<\/strong> : Assistant Ing\u00e9nieur \/ Technician<\/li>\n<li><strong>CR<\/strong> : Charg\u00e9 de Recherche \/ Research Scientist<\/li>\n<li><strong>DR<\/strong> : Directeur de Recherche \/ Research Director<\/li>\n<li><strong>IE, CG, CE<\/strong> : Ing\u00e9nieur d&#8217;Etudes \/ Research Assistant<\/li>\n<li><strong>IR, ID<\/strong> : Ing\u00e9nieur de Recherche \/ Research Associate<\/li>\n<li><strong>MCU, Lecturer<\/strong> : Ma\u00eetre de conf\u00e9rences des Universit\u00e9s \/ Lecturer<\/li>\n<li><strong>MCUPH<\/strong> : Ma\u00eetre de conf\u00e9rences des Universit\u00e9s-Praticien Hospitalier<\/li>\n<li><strong>PM<\/strong> : Manager de Projet \/ Projet Manager<\/li>\n<li><strong>Post-Doc<\/strong> : Post-Doctorant<\/li>\n<li><strong>PU<\/strong> : Professeur des Universit\u00e9s \/ University Professor<\/li>\n<li><strong>PH<\/strong> : Praticien Hospitalier \/ Hospital Consultant<\/li>\n<li><strong>SD<\/strong> : Secr\u00e9taire \/ Secretary<\/li>\n<li><strong>T<\/strong> : Technicien \/ Technician<\/li>\n<\/ul>\n","protected":false},"excerpt":{"rendered":"<p>For a telephone contact, please go through the UMR1283\/8199 secretariat at +33-3-74-00-81-00. To contact a particular person in UMR1283\/8199, please indicate his\/her first and last name in the text of your message below. To help you, you will find on this page the list of laboratory members and you can also refer to the organigram [&hellip;]<\/p>\n","protected":false},"author":1,"featured_media":0,"parent":0,"menu_order":8,"comment_status":"closed","ping_status":"closed","template":"","meta":{"_acf_changed":false,"footnotes":""},"class_list":["post-1759","page","type-page","status-publish","hentry"],"acf":[],"yoast_head":"<!-- This site is optimized with the Yoast SEO plugin v26.3 - https:\/\/yoast.com\/wordpress\/plugins\/seo\/ -->\n<title>Contact us - Ligan<\/title>\n<meta name=\"robots\" content=\"index, follow, max-snippet:-1, max-image-preview:large, max-video-preview:-1\" \/>\n<link rel=\"canonical\" href=\"https:\/\/ligan.good.cnrs.fr\/en\/contact-us\/\" \/>\n<meta property=\"og:locale\" content=\"en_US\" \/>\n<meta property=\"og:type\" content=\"article\" \/>\n<meta property=\"og:title\" content=\"Contact us - Ligan\" \/>\n<meta property=\"og:description\" content=\"For a telephone contact, please go through the UMR1283\/8199 secretariat at +33-3-74-00-81-00. To contact a particular person in UMR1283\/8199, please indicate his\/her first and last name in the text of your message below. To help you, you will find on this page the list of laboratory members and you can also refer to the organigram [&hellip;]\" \/>\n<meta property=\"og:url\" content=\"https:\/\/ligan.good.cnrs.fr\/en\/contact-us\/\" \/>\n<meta property=\"og:site_name\" content=\"Ligan\" \/>\n<meta property=\"article:modified_time\" content=\"2025-11-27T11:46:35+00:00\" \/>\n<meta name=\"twitter:card\" content=\"summary_large_image\" \/>\n<meta name=\"twitter:label1\" content=\"Est. reading time\" \/>\n\t<meta name=\"twitter:data1\" content=\"4 minutes\" \/>\n<script type=\"application\/ld+json\" class=\"yoast-schema-graph\">{\"@context\":\"https:\/\/schema.org\",\"@graph\":[{\"@type\":\"WebPage\",\"@id\":\"https:\/\/ligan.good.cnrs.fr\/en\/contact-us\/\",\"url\":\"https:\/\/ligan.good.cnrs.fr\/en\/contact-us\/\",\"name\":\"Contact us - Ligan\",\"isPartOf\":{\"@id\":\"https:\/\/ligan.good.cnrs.fr\/en\/#website\"},\"datePublished\":\"2020-09-17T12:20:33+00:00\",\"dateModified\":\"2025-11-27T11:46:35+00:00\",\"breadcrumb\":{\"@id\":\"https:\/\/ligan.good.cnrs.fr\/en\/contact-us\/#breadcrumb\"},\"inLanguage\":\"en-US\",\"potentialAction\":[{\"@type\":\"ReadAction\",\"target\":[\"https:\/\/ligan.good.cnrs.fr\/en\/contact-us\/\"]}]},{\"@type\":\"BreadcrumbList\",\"@id\":\"https:\/\/ligan.good.cnrs.fr\/en\/contact-us\/#breadcrumb\",\"itemListElement\":[{\"@type\":\"ListItem\",\"position\":1,\"name\":\"Accueil\",\"item\":\"https:\/\/ligan.good.cnrs.fr\/en\/\"},{\"@type\":\"ListItem\",\"position\":2,\"name\":\"Contact us\"}]},{\"@type\":\"WebSite\",\"@id\":\"https:\/\/ligan.good.cnrs.fr\/en\/#website\",\"url\":\"https:\/\/ligan.good.cnrs.fr\/en\/\",\"name\":\"Ligan\",\"description\":\"Un site utilisant WordPress\",\"potentialAction\":[{\"@type\":\"SearchAction\",\"target\":{\"@type\":\"EntryPoint\",\"urlTemplate\":\"https:\/\/ligan.good.cnrs.fr\/en\/?s={search_term_string}\"},\"query-input\":{\"@type\":\"PropertyValueSpecification\",\"valueRequired\":true,\"valueName\":\"search_term_string\"}}],\"inLanguage\":\"en-US\"}]}<\/script>\n<!-- \/ Yoast SEO plugin. -->","yoast_head_json":{"title":"Contact us - Ligan","robots":{"index":"index","follow":"follow","max-snippet":"max-snippet:-1","max-image-preview":"max-image-preview:large","max-video-preview":"max-video-preview:-1"},"canonical":"https:\/\/ligan.good.cnrs.fr\/en\/contact-us\/","og_locale":"en_US","og_type":"article","og_title":"Contact us - Ligan","og_description":"For a telephone contact, please go through the UMR1283\/8199 secretariat at +33-3-74-00-81-00. To contact a particular person in UMR1283\/8199, please indicate his\/her first and last name in the text of your message below. To help you, you will find on this page the list of laboratory members and you can also refer to the organigram [&hellip;]","og_url":"https:\/\/ligan.good.cnrs.fr\/en\/contact-us\/","og_site_name":"Ligan","article_modified_time":"2025-11-27T11:46:35+00:00","twitter_card":"summary_large_image","twitter_misc":{"Est. reading time":"4 minutes"},"schema":{"@context":"https:\/\/schema.org","@graph":[{"@type":"WebPage","@id":"https:\/\/ligan.good.cnrs.fr\/en\/contact-us\/","url":"https:\/\/ligan.good.cnrs.fr\/en\/contact-us\/","name":"Contact us - Ligan","isPartOf":{"@id":"https:\/\/ligan.good.cnrs.fr\/en\/#website"},"datePublished":"2020-09-17T12:20:33+00:00","dateModified":"2025-11-27T11:46:35+00:00","breadcrumb":{"@id":"https:\/\/ligan.good.cnrs.fr\/en\/contact-us\/#breadcrumb"},"inLanguage":"en-US","potentialAction":[{"@type":"ReadAction","target":["https:\/\/ligan.good.cnrs.fr\/en\/contact-us\/"]}]},{"@type":"BreadcrumbList","@id":"https:\/\/ligan.good.cnrs.fr\/en\/contact-us\/#breadcrumb","itemListElement":[{"@type":"ListItem","position":1,"name":"Accueil","item":"https:\/\/ligan.good.cnrs.fr\/en\/"},{"@type":"ListItem","position":2,"name":"Contact us"}]},{"@type":"WebSite","@id":"https:\/\/ligan.good.cnrs.fr\/en\/#website","url":"https:\/\/ligan.good.cnrs.fr\/en\/","name":"Ligan","description":"Un site utilisant WordPress","potentialAction":[{"@type":"SearchAction","target":{"@type":"EntryPoint","urlTemplate":"https:\/\/ligan.good.cnrs.fr\/en\/?s={search_term_string}"},"query-input":{"@type":"PropertyValueSpecification","valueRequired":true,"valueName":"search_term_string"}}],"inLanguage":"en-US"}]}},"_links":{"self":[{"href":"https:\/\/ligan.good.cnrs.fr\/en\/wp-json\/wp\/v2\/pages\/1759","targetHints":{"allow":["GET"]}}],"collection":[{"href":"https:\/\/ligan.good.cnrs.fr\/en\/wp-json\/wp\/v2\/pages"}],"about":[{"href":"https:\/\/ligan.good.cnrs.fr\/en\/wp-json\/wp\/v2\/types\/page"}],"author":[{"embeddable":true,"href":"https:\/\/ligan.good.cnrs.fr\/en\/wp-json\/wp\/v2\/users\/1"}],"replies":[{"embeddable":true,"href":"https:\/\/ligan.good.cnrs.fr\/en\/wp-json\/wp\/v2\/comments?post=1759"}],"version-history":[{"count":24,"href":"https:\/\/ligan.good.cnrs.fr\/en\/wp-json\/wp\/v2\/pages\/1759\/revisions"}],"predecessor-version":[{"id":3207,"href":"https:\/\/ligan.good.cnrs.fr\/en\/wp-json\/wp\/v2\/pages\/1759\/revisions\/3207"}],"wp:attachment":[{"href":"https:\/\/ligan.good.cnrs.fr\/en\/wp-json\/wp\/v2\/media?parent=1759"}],"curies":[{"name":"wp","href":"https:\/\/api.w.org\/{rel}","templated":true}]}}