{"id":181,"date":"2016-03-24T16:41:44","date_gmt":"2016-03-24T15:41:44","guid":{"rendered":"http:\/\/ligan.good.cnrs.fr\/?page_id=181"},"modified":"2018-03-22T08:38:13","modified_gmt":"2018-03-22T07:38:13","slug":"la-plateforme-ligan","status":"publish","type":"page","link":"https:\/\/ligan.good.cnrs.fr\/en\/presentation\/la-plateforme-ligan\/","title":{"rendered":"The LIGAN-MP project"},"content":{"rendered":"<p>D\u00e9tail du projet : Les \u00e9quipements acquis dans le cadre du projet LIGAN-PM permettent d&#8217;augmenter le nombre de g\u00e9nomes s\u00e9quenc\u00e9s et de diff\u00e9rencier nos applications. Ce projet doit permettre d&#8217;identifier de nouveaux g\u00e8nes et leurs variants qui jouent un r\u00f4le dans le d\u00e9veloppement de maladies fr\u00e9quentes. A terme, le but est de pouvoir obtenir une m\u00e9decine personnalis\u00e9e en s\u00e9quen\u00e7ant le g\u00e9nome d&#8217;un patient, \u00e0 la demande. Cette plateforme permet aux chercheurs d&#8217;avoir les outils les plus performants pour le s\u00e9quen\u00e7age et le ph\u00e9notypage. En particulier, ce projet f\u00e9d\u00e9rera les travaux collaboratifs entre Lille et L&#8217;Imperial College de Londres. La plateforme LIGAN-PM a pour objectif de permettre la formation par la recherche \u00e0 diff\u00e9rents niveaux de qualification (techniciens, ing\u00e9nieurs, th\u00e9sards, post-doc).<\/p>\n","protected":false},"excerpt":{"rendered":"<p>D\u00e9tail du projet : Les \u00e9quipements acquis dans le cadre du projet LIGAN-PM permettent d&#8217;augmenter le nombre de g\u00e9nomes s\u00e9quenc\u00e9s et de diff\u00e9rencier nos applications. Ce projet doit permettre d&#8217;identifier de nouveaux g\u00e8nes et leurs variants qui jouent un r\u00f4le dans le d\u00e9veloppement de maladies fr\u00e9quentes. A terme, le but est de pouvoir obtenir une [&hellip;]<\/p>\n","protected":false},"author":1,"featured_media":0,"parent":268,"menu_order":1,"comment_status":"closed","ping_status":"closed","template":"tpl-page-1.php","meta":{"_acf_changed":false,"footnotes":""},"class_list":["post-181","page","type-page","status-publish","hentry"],"acf":[],"yoast_head":"<!-- This site is optimized with the Yoast SEO plugin v26.3 - https:\/\/yoast.com\/wordpress\/plugins\/seo\/ -->\n<title>Plateforme Lilloise de s\u00e9quen\u00e7age et g\u00e9notypage haut d\u00e9bit, LIGAN-PM<\/title>\n<meta name=\"description\" content=\"Les \u00e9quipements acquis dans le cadre du projet LIGAN-PM permettent le s\u00e9quen\u00e7age haut d\u00e9bit de plusieurs g\u00e9nomes simultan\u00e9ment, et de diff\u00e9rencier nos applications\" \/>\n<meta name=\"robots\" content=\"index, follow, max-snippet:-1, max-image-preview:large, max-video-preview:-1\" \/>\n<link rel=\"canonical\" href=\"https:\/\/ligan.good.cnrs.fr\/en\/presentation\/la-plateforme-ligan\/\" \/>\n<meta property=\"og:locale\" content=\"en_US\" \/>\n<meta property=\"og:type\" content=\"article\" \/>\n<meta property=\"og:title\" content=\"Plateforme Lilloise de s\u00e9quen\u00e7age et g\u00e9notypage haut d\u00e9bit, LIGAN-PM\" \/>\n<meta property=\"og:description\" content=\"Les \u00e9quipements acquis dans le cadre du projet LIGAN-PM permettent le s\u00e9quen\u00e7age haut d\u00e9bit de plusieurs g\u00e9nomes simultan\u00e9ment, et de diff\u00e9rencier nos applications\" \/>\n<meta property=\"og:url\" content=\"https:\/\/ligan.good.cnrs.fr\/en\/presentation\/la-plateforme-ligan\/\" \/>\n<meta property=\"og:site_name\" content=\"Ligan\" \/>\n<meta property=\"article:modified_time\" content=\"2018-03-22T07:38:13+00:00\" \/>\n<meta name=\"twitter:card\" content=\"summary_large_image\" \/>\n<meta name=\"twitter:label1\" content=\"Est. reading time\" \/>\n\t<meta name=\"twitter:data1\" content=\"1 minute\" \/>\n<script type=\"application\/ld+json\" class=\"yoast-schema-graph\">{\"@context\":\"https:\/\/schema.org\",\"@graph\":[{\"@type\":\"WebPage\",\"@id\":\"https:\/\/ligan.good.cnrs.fr\/en\/presentation\/la-plateforme-ligan\/\",\"url\":\"https:\/\/ligan.good.cnrs.fr\/en\/presentation\/la-plateforme-ligan\/\",\"name\":\"Plateforme Lilloise de s\u00e9quen\u00e7age et g\u00e9notypage haut d\u00e9bit, LIGAN-PM\",\"isPartOf\":{\"@id\":\"https:\/\/ligan.good.cnrs.fr\/en\/#website\"},\"datePublished\":\"2016-03-24T15:41:44+00:00\",\"dateModified\":\"2018-03-22T07:38:13+00:00\",\"description\":\"Les \u00e9quipements acquis dans le cadre du projet LIGAN-PM permettent le s\u00e9quen\u00e7age haut d\u00e9bit de plusieurs g\u00e9nomes simultan\u00e9ment, et de diff\u00e9rencier nos applications\",\"breadcrumb\":{\"@id\":\"https:\/\/ligan.good.cnrs.fr\/en\/presentation\/la-plateforme-ligan\/#breadcrumb\"},\"inLanguage\":\"en-US\",\"potentialAction\":[{\"@type\":\"ReadAction\",\"target\":[\"https:\/\/ligan.good.cnrs.fr\/en\/presentation\/la-plateforme-ligan\/\"]}]},{\"@type\":\"BreadcrumbList\",\"@id\":\"https:\/\/ligan.good.cnrs.fr\/en\/presentation\/la-plateforme-ligan\/#breadcrumb\",\"itemListElement\":[{\"@type\":\"ListItem\",\"position\":1,\"name\":\"Accueil\",\"item\":\"https:\/\/ligan.good.cnrs.fr\/en\/\"},{\"@type\":\"ListItem\",\"position\":2,\"name\":\"Presentation\",\"item\":\"https:\/\/ligan.good.cnrs.fr\/en\/presentation\/\"},{\"@type\":\"ListItem\",\"position\":3,\"name\":\"The LIGAN-MP project\"}]},{\"@type\":\"WebSite\",\"@id\":\"https:\/\/ligan.good.cnrs.fr\/en\/#website\",\"url\":\"https:\/\/ligan.good.cnrs.fr\/en\/\",\"name\":\"Ligan\",\"description\":\"Un site utilisant WordPress\",\"potentialAction\":[{\"@type\":\"SearchAction\",\"target\":{\"@type\":\"EntryPoint\",\"urlTemplate\":\"https:\/\/ligan.good.cnrs.fr\/en\/?s={search_term_string}\"},\"query-input\":{\"@type\":\"PropertyValueSpecification\",\"valueRequired\":true,\"valueName\":\"search_term_string\"}}],\"inLanguage\":\"en-US\"}]}<\/script>\n<!-- \/ Yoast SEO plugin. -->","yoast_head_json":{"title":"Plateforme Lilloise de s\u00e9quen\u00e7age et g\u00e9notypage haut d\u00e9bit, LIGAN-PM","description":"Les \u00e9quipements acquis dans le cadre du projet LIGAN-PM permettent le s\u00e9quen\u00e7age haut d\u00e9bit de plusieurs g\u00e9nomes simultan\u00e9ment, et de diff\u00e9rencier nos applications","robots":{"index":"index","follow":"follow","max-snippet":"max-snippet:-1","max-image-preview":"max-image-preview:large","max-video-preview":"max-video-preview:-1"},"canonical":"https:\/\/ligan.good.cnrs.fr\/en\/presentation\/la-plateforme-ligan\/","og_locale":"en_US","og_type":"article","og_title":"Plateforme Lilloise de s\u00e9quen\u00e7age et g\u00e9notypage haut d\u00e9bit, LIGAN-PM","og_description":"Les \u00e9quipements acquis dans le cadre du projet LIGAN-PM permettent le s\u00e9quen\u00e7age haut d\u00e9bit de plusieurs g\u00e9nomes simultan\u00e9ment, et de diff\u00e9rencier nos applications","og_url":"https:\/\/ligan.good.cnrs.fr\/en\/presentation\/la-plateforme-ligan\/","og_site_name":"Ligan","article_modified_time":"2018-03-22T07:38:13+00:00","twitter_card":"summary_large_image","twitter_misc":{"Est. reading time":"1 minute"},"schema":{"@context":"https:\/\/schema.org","@graph":[{"@type":"WebPage","@id":"https:\/\/ligan.good.cnrs.fr\/en\/presentation\/la-plateforme-ligan\/","url":"https:\/\/ligan.good.cnrs.fr\/en\/presentation\/la-plateforme-ligan\/","name":"Plateforme Lilloise de s\u00e9quen\u00e7age et g\u00e9notypage haut d\u00e9bit, LIGAN-PM","isPartOf":{"@id":"https:\/\/ligan.good.cnrs.fr\/en\/#website"},"datePublished":"2016-03-24T15:41:44+00:00","dateModified":"2018-03-22T07:38:13+00:00","description":"Les \u00e9quipements acquis dans le cadre du projet LIGAN-PM permettent le s\u00e9quen\u00e7age haut d\u00e9bit de plusieurs g\u00e9nomes simultan\u00e9ment, et de diff\u00e9rencier nos applications","breadcrumb":{"@id":"https:\/\/ligan.good.cnrs.fr\/en\/presentation\/la-plateforme-ligan\/#breadcrumb"},"inLanguage":"en-US","potentialAction":[{"@type":"ReadAction","target":["https:\/\/ligan.good.cnrs.fr\/en\/presentation\/la-plateforme-ligan\/"]}]},{"@type":"BreadcrumbList","@id":"https:\/\/ligan.good.cnrs.fr\/en\/presentation\/la-plateforme-ligan\/#breadcrumb","itemListElement":[{"@type":"ListItem","position":1,"name":"Accueil","item":"https:\/\/ligan.good.cnrs.fr\/en\/"},{"@type":"ListItem","position":2,"name":"Presentation","item":"https:\/\/ligan.good.cnrs.fr\/en\/presentation\/"},{"@type":"ListItem","position":3,"name":"The LIGAN-MP project"}]},{"@type":"WebSite","@id":"https:\/\/ligan.good.cnrs.fr\/en\/#website","url":"https:\/\/ligan.good.cnrs.fr\/en\/","name":"Ligan","description":"Un site utilisant WordPress","potentialAction":[{"@type":"SearchAction","target":{"@type":"EntryPoint","urlTemplate":"https:\/\/ligan.good.cnrs.fr\/en\/?s={search_term_string}"},"query-input":{"@type":"PropertyValueSpecification","valueRequired":true,"valueName":"search_term_string"}}],"inLanguage":"en-US"}]}},"_links":{"self":[{"href":"https:\/\/ligan.good.cnrs.fr\/en\/wp-json\/wp\/v2\/pages\/181","targetHints":{"allow":["GET"]}}],"collection":[{"href":"https:\/\/ligan.good.cnrs.fr\/en\/wp-json\/wp\/v2\/pages"}],"about":[{"href":"https:\/\/ligan.good.cnrs.fr\/en\/wp-json\/wp\/v2\/types\/page"}],"author":[{"embeddable":true,"href":"https:\/\/ligan.good.cnrs.fr\/en\/wp-json\/wp\/v2\/users\/1"}],"replies":[{"embeddable":true,"href":"https:\/\/ligan.good.cnrs.fr\/en\/wp-json\/wp\/v2\/comments?post=181"}],"version-history":[{"count":19,"href":"https:\/\/ligan.good.cnrs.fr\/en\/wp-json\/wp\/v2\/pages\/181\/revisions"}],"predecessor-version":[{"id":1371,"href":"https:\/\/ligan.good.cnrs.fr\/en\/wp-json\/wp\/v2\/pages\/181\/revisions\/1371"}],"up":[{"embeddable":true,"href":"https:\/\/ligan.good.cnrs.fr\/en\/wp-json\/wp\/v2\/pages\/268"}],"wp:attachment":[{"href":"https:\/\/ligan.good.cnrs.fr\/en\/wp-json\/wp\/v2\/media?parent=181"}],"curies":[{"name":"wp","href":"https:\/\/api.w.org\/{rel}","templated":true}]}}