{"id":2443,"date":"2022-01-19T10:24:55","date_gmt":"2022-01-19T09:24:55","guid":{"rendered":"http:\/\/ligan.good.cnrs.fr\/en\/prestation-recherche-equipements\/analyse-bioinformatique-analyse-biostatistique\/"},"modified":"2022-02-07T10:24:49","modified_gmt":"2022-02-07T09:24:49","slug":"analyse-bioinformatique-analyse-biostatistique","status":"publish","type":"page","link":"https:\/\/ligan.good.cnrs.fr\/en\/prestation-recherche-equipements\/analyse-bioinformatique-analyse-biostatistique\/","title":{"rendered":"Bioinformatics biostatistic analysis"},"content":{"rendered":"","protected":false},"excerpt":{"rendered":"","protected":false},"author":1,"featured_media":0,"parent":2440,"menu_order":33,"comment_status":"closed","ping_status":"closed","template":"tpl-page-1.php","meta":{"_acf_changed":false,"footnotes":""},"class_list":["post-2443","page","type-page","status-publish","hentry"],"acf":[],"yoast_head":"<!-- This site is optimized with the Yoast SEO plugin v26.3 - https:\/\/yoast.com\/wordpress\/plugins\/seo\/ -->\n<title>La plateforme Lilloise d&#039;analyses bioinformatiques et biostatistiques<\/title>\n<meta name=\"description\" content=\"Gestion et analyse des donn\u00e9es issues des s\u00e9quenceurs \u00e0 haut-d\u00e9bit, \u00e9tude d\u2019association pang\u00e9nomique transversale et longitudinale, d\u00e9tection d\u2019\u00e9v\u00e8nements chromosomiques (mosaicisme \/ CNV)\" \/>\n<meta name=\"robots\" content=\"index, follow, max-snippet:-1, max-image-preview:large, max-video-preview:-1\" \/>\n<link rel=\"canonical\" href=\"https:\/\/ligan.good.cnrs.fr\/en\/prestation-recherche-equipements\/analyse-bioinformatique-analyse-biostatistique\/\" \/>\n<meta property=\"og:locale\" content=\"en_US\" \/>\n<meta property=\"og:type\" content=\"article\" \/>\n<meta property=\"og:title\" content=\"La plateforme Lilloise d&#039;analyses bioinformatiques et biostatistiques\" \/>\n<meta property=\"og:description\" content=\"Gestion et analyse des donn\u00e9es issues des s\u00e9quenceurs \u00e0 haut-d\u00e9bit, \u00e9tude d\u2019association pang\u00e9nomique transversale et longitudinale, d\u00e9tection d\u2019\u00e9v\u00e8nements chromosomiques (mosaicisme \/ CNV)\" \/>\n<meta property=\"og:url\" content=\"https:\/\/ligan.good.cnrs.fr\/en\/prestation-recherche-equipements\/analyse-bioinformatique-analyse-biostatistique\/\" \/>\n<meta property=\"og:site_name\" content=\"Ligan\" \/>\n<meta property=\"article:modified_time\" content=\"2022-02-07T09:24:49+00:00\" \/>\n<meta name=\"twitter:card\" content=\"summary_large_image\" \/>\n<script type=\"application\/ld+json\" class=\"yoast-schema-graph\">{\"@context\":\"https:\/\/schema.org\",\"@graph\":[{\"@type\":\"WebPage\",\"@id\":\"https:\/\/ligan.good.cnrs.fr\/en\/prestation-recherche-equipements\/analyse-bioinformatique-analyse-biostatistique\/\",\"url\":\"https:\/\/ligan.good.cnrs.fr\/en\/prestation-recherche-equipements\/analyse-bioinformatique-analyse-biostatistique\/\",\"name\":\"La plateforme Lilloise d'analyses bioinformatiques et biostatistiques\",\"isPartOf\":{\"@id\":\"https:\/\/ligan.good.cnrs.fr\/en\/#website\"},\"datePublished\":\"2022-01-19T09:24:55+00:00\",\"dateModified\":\"2022-02-07T09:24:49+00:00\",\"description\":\"Gestion et analyse des donn\u00e9es issues des s\u00e9quenceurs \u00e0 haut-d\u00e9bit, \u00e9tude d\u2019association pang\u00e9nomique transversale et longitudinale, d\u00e9tection d\u2019\u00e9v\u00e8nements chromosomiques (mosaicisme \/ CNV)\",\"breadcrumb\":{\"@id\":\"https:\/\/ligan.good.cnrs.fr\/en\/prestation-recherche-equipements\/analyse-bioinformatique-analyse-biostatistique\/#breadcrumb\"},\"inLanguage\":\"en-US\",\"potentialAction\":[{\"@type\":\"ReadAction\",\"target\":[\"https:\/\/ligan.good.cnrs.fr\/en\/prestation-recherche-equipements\/analyse-bioinformatique-analyse-biostatistique\/\"]}]},{\"@type\":\"BreadcrumbList\",\"@id\":\"https:\/\/ligan.good.cnrs.fr\/en\/prestation-recherche-equipements\/analyse-bioinformatique-analyse-biostatistique\/#breadcrumb\",\"itemListElement\":[{\"@type\":\"ListItem\",\"position\":1,\"name\":\"Accueil\",\"item\":\"https:\/\/ligan.good.cnrs.fr\/en\/\"},{\"@type\":\"ListItem\",\"position\":2,\"name\":\"Equipments\",\"item\":\"https:\/\/ligan.good.cnrs.fr\/en\/prestation-recherche-equipements\/\"},{\"@type\":\"ListItem\",\"position\":3,\"name\":\"Bioinformatics biostatistic analysis\"}]},{\"@type\":\"WebSite\",\"@id\":\"https:\/\/ligan.good.cnrs.fr\/en\/#website\",\"url\":\"https:\/\/ligan.good.cnrs.fr\/en\/\",\"name\":\"Ligan\",\"description\":\"Un site utilisant WordPress\",\"potentialAction\":[{\"@type\":\"SearchAction\",\"target\":{\"@type\":\"EntryPoint\",\"urlTemplate\":\"https:\/\/ligan.good.cnrs.fr\/en\/?s={search_term_string}\"},\"query-input\":{\"@type\":\"PropertyValueSpecification\",\"valueRequired\":true,\"valueName\":\"search_term_string\"}}],\"inLanguage\":\"en-US\"}]}<\/script>\n<!-- \/ Yoast SEO plugin. -->","yoast_head_json":{"title":"La plateforme Lilloise d'analyses bioinformatiques et biostatistiques","description":"Gestion et analyse des donn\u00e9es issues des s\u00e9quenceurs \u00e0 haut-d\u00e9bit, \u00e9tude d\u2019association pang\u00e9nomique transversale et longitudinale, d\u00e9tection d\u2019\u00e9v\u00e8nements chromosomiques (mosaicisme \/ CNV)","robots":{"index":"index","follow":"follow","max-snippet":"max-snippet:-1","max-image-preview":"max-image-preview:large","max-video-preview":"max-video-preview:-1"},"canonical":"https:\/\/ligan.good.cnrs.fr\/en\/prestation-recherche-equipements\/analyse-bioinformatique-analyse-biostatistique\/","og_locale":"en_US","og_type":"article","og_title":"La plateforme Lilloise d'analyses bioinformatiques et biostatistiques","og_description":"Gestion et analyse des donn\u00e9es issues des s\u00e9quenceurs \u00e0 haut-d\u00e9bit, \u00e9tude d\u2019association pang\u00e9nomique transversale et longitudinale, d\u00e9tection d\u2019\u00e9v\u00e8nements chromosomiques (mosaicisme \/ CNV)","og_url":"https:\/\/ligan.good.cnrs.fr\/en\/prestation-recherche-equipements\/analyse-bioinformatique-analyse-biostatistique\/","og_site_name":"Ligan","article_modified_time":"2022-02-07T09:24:49+00:00","twitter_card":"summary_large_image","schema":{"@context":"https:\/\/schema.org","@graph":[{"@type":"WebPage","@id":"https:\/\/ligan.good.cnrs.fr\/en\/prestation-recherche-equipements\/analyse-bioinformatique-analyse-biostatistique\/","url":"https:\/\/ligan.good.cnrs.fr\/en\/prestation-recherche-equipements\/analyse-bioinformatique-analyse-biostatistique\/","name":"La plateforme Lilloise d'analyses bioinformatiques et biostatistiques","isPartOf":{"@id":"https:\/\/ligan.good.cnrs.fr\/en\/#website"},"datePublished":"2022-01-19T09:24:55+00:00","dateModified":"2022-02-07T09:24:49+00:00","description":"Gestion et analyse des donn\u00e9es issues des s\u00e9quenceurs \u00e0 haut-d\u00e9bit, \u00e9tude d\u2019association pang\u00e9nomique transversale et longitudinale, d\u00e9tection d\u2019\u00e9v\u00e8nements chromosomiques (mosaicisme \/ CNV)","breadcrumb":{"@id":"https:\/\/ligan.good.cnrs.fr\/en\/prestation-recherche-equipements\/analyse-bioinformatique-analyse-biostatistique\/#breadcrumb"},"inLanguage":"en-US","potentialAction":[{"@type":"ReadAction","target":["https:\/\/ligan.good.cnrs.fr\/en\/prestation-recherche-equipements\/analyse-bioinformatique-analyse-biostatistique\/"]}]},{"@type":"BreadcrumbList","@id":"https:\/\/ligan.good.cnrs.fr\/en\/prestation-recherche-equipements\/analyse-bioinformatique-analyse-biostatistique\/#breadcrumb","itemListElement":[{"@type":"ListItem","position":1,"name":"Accueil","item":"https:\/\/ligan.good.cnrs.fr\/en\/"},{"@type":"ListItem","position":2,"name":"Equipments","item":"https:\/\/ligan.good.cnrs.fr\/en\/prestation-recherche-equipements\/"},{"@type":"ListItem","position":3,"name":"Bioinformatics biostatistic analysis"}]},{"@type":"WebSite","@id":"https:\/\/ligan.good.cnrs.fr\/en\/#website","url":"https:\/\/ligan.good.cnrs.fr\/en\/","name":"Ligan","description":"Un site utilisant WordPress","potentialAction":[{"@type":"SearchAction","target":{"@type":"EntryPoint","urlTemplate":"https:\/\/ligan.good.cnrs.fr\/en\/?s={search_term_string}"},"query-input":{"@type":"PropertyValueSpecification","valueRequired":true,"valueName":"search_term_string"}}],"inLanguage":"en-US"}]}},"_links":{"self":[{"href":"https:\/\/ligan.good.cnrs.fr\/en\/wp-json\/wp\/v2\/pages\/2443","targetHints":{"allow":["GET"]}}],"collection":[{"href":"https:\/\/ligan.good.cnrs.fr\/en\/wp-json\/wp\/v2\/pages"}],"about":[{"href":"https:\/\/ligan.good.cnrs.fr\/en\/wp-json\/wp\/v2\/types\/page"}],"author":[{"embeddable":true,"href":"https:\/\/ligan.good.cnrs.fr\/en\/wp-json\/wp\/v2\/users\/1"}],"replies":[{"embeddable":true,"href":"https:\/\/ligan.good.cnrs.fr\/en\/wp-json\/wp\/v2\/comments?post=2443"}],"version-history":[{"count":3,"href":"https:\/\/ligan.good.cnrs.fr\/en\/wp-json\/wp\/v2\/pages\/2443\/revisions"}],"predecessor-version":[{"id":2463,"href":"https:\/\/ligan.good.cnrs.fr\/en\/wp-json\/wp\/v2\/pages\/2443\/revisions\/2463"}],"up":[{"embeddable":true,"href":"https:\/\/ligan.good.cnrs.fr\/en\/wp-json\/wp\/v2\/pages\/2440"}],"wp:attachment":[{"href":"https:\/\/ligan.good.cnrs.fr\/en\/wp-json\/wp\/v2\/media?parent=2443"}],"curies":[{"name":"wp","href":"https:\/\/api.w.org\/{rel}","templated":true}]}}