{"id":2473,"date":"2022-01-19T10:53:01","date_gmt":"2022-01-19T09:53:01","guid":{"rendered":"http:\/\/ligan.good.cnrs.fr\/en\/menu-prestations\/prestations-services\/"},"modified":"2023-09-28T13:39:53","modified_gmt":"2023-09-28T12:39:53","slug":"prestations-services","status":"publish","type":"page","link":"https:\/\/ligan.good.cnrs.fr\/en\/menu-prestations\/prestations-services\/","title":{"rendered":"Services"},"content":{"rendered":"","protected":false},"excerpt":{"rendered":"","protected":false},"author":1,"featured_media":0,"parent":2472,"menu_order":36,"comment_status":"closed","ping_status":"closed","template":"tpl-page-1.php","meta":{"_acf_changed":false,"footnotes":""},"class_list":["post-2473","page","type-page","status-publish","hentry"],"acf":[],"yoast_head":"<!-- This site is optimized with the Yoast SEO plugin v26.3 - https:\/\/yoast.com\/wordpress\/plugins\/seo\/ -->\n<title>Les \u00e9quipements acquis via LIGAN-PM sont mis \u00e0 disposition via les prestations<\/title>\n<meta name=\"description\" content=\"O\u00f9 s\u00e9quencer de l&#039;ADN g\u00e9nomique, o\u00f9 s\u00e9quencer des exomes, o\u00f9 avoir acc\u00e8s \u00e0 un s\u00e9quenceur haut d\u00e9bit\" \/>\n<meta name=\"robots\" content=\"index, follow, max-snippet:-1, max-image-preview:large, max-video-preview:-1\" \/>\n<link rel=\"canonical\" href=\"https:\/\/ligan.good.cnrs.fr\/en\/menu-prestations\/prestations-services\/\" \/>\n<meta property=\"og:locale\" content=\"en_US\" \/>\n<meta property=\"og:type\" content=\"article\" \/>\n<meta property=\"og:title\" content=\"Les \u00e9quipements acquis via LIGAN-PM sont mis \u00e0 disposition via les prestations\" \/>\n<meta property=\"og:description\" content=\"O\u00f9 s\u00e9quencer de l&#039;ADN g\u00e9nomique, o\u00f9 s\u00e9quencer des exomes, o\u00f9 avoir acc\u00e8s \u00e0 un s\u00e9quenceur haut d\u00e9bit\" \/>\n<meta property=\"og:url\" content=\"https:\/\/ligan.good.cnrs.fr\/en\/menu-prestations\/prestations-services\/\" \/>\n<meta property=\"og:site_name\" content=\"Ligan\" \/>\n<meta property=\"article:modified_time\" content=\"2023-09-28T12:39:53+00:00\" \/>\n<meta name=\"twitter:card\" content=\"summary_large_image\" \/>\n<script type=\"application\/ld+json\" class=\"yoast-schema-graph\">{\"@context\":\"https:\/\/schema.org\",\"@graph\":[{\"@type\":\"WebPage\",\"@id\":\"https:\/\/ligan.good.cnrs.fr\/en\/menu-prestations\/prestations-services\/\",\"url\":\"https:\/\/ligan.good.cnrs.fr\/en\/menu-prestations\/prestations-services\/\",\"name\":\"Les \u00e9quipements acquis via LIGAN-PM sont mis \u00e0 disposition via les prestations\",\"isPartOf\":{\"@id\":\"https:\/\/ligan.good.cnrs.fr\/en\/#website\"},\"datePublished\":\"2022-01-19T09:53:01+00:00\",\"dateModified\":\"2023-09-28T12:39:53+00:00\",\"description\":\"O\u00f9 s\u00e9quencer de l'ADN g\u00e9nomique, o\u00f9 s\u00e9quencer des exomes, o\u00f9 avoir acc\u00e8s \u00e0 un s\u00e9quenceur haut d\u00e9bit\",\"breadcrumb\":{\"@id\":\"https:\/\/ligan.good.cnrs.fr\/en\/menu-prestations\/prestations-services\/#breadcrumb\"},\"inLanguage\":\"en-US\",\"potentialAction\":[{\"@type\":\"ReadAction\",\"target\":[\"https:\/\/ligan.good.cnrs.fr\/en\/menu-prestations\/prestations-services\/\"]}]},{\"@type\":\"BreadcrumbList\",\"@id\":\"https:\/\/ligan.good.cnrs.fr\/en\/menu-prestations\/prestations-services\/#breadcrumb\",\"itemListElement\":[{\"@type\":\"ListItem\",\"position\":1,\"name\":\"Accueil\",\"item\":\"https:\/\/ligan.good.cnrs.fr\/en\/\"},{\"@type\":\"ListItem\",\"position\":2,\"name\":\"Services provider\",\"item\":\"https:\/\/ligan.good.cnrs.fr\/en\/menu-prestations\/\"},{\"@type\":\"ListItem\",\"position\":3,\"name\":\"Services\"}]},{\"@type\":\"WebSite\",\"@id\":\"https:\/\/ligan.good.cnrs.fr\/en\/#website\",\"url\":\"https:\/\/ligan.good.cnrs.fr\/en\/\",\"name\":\"Ligan\",\"description\":\"Un site utilisant WordPress\",\"potentialAction\":[{\"@type\":\"SearchAction\",\"target\":{\"@type\":\"EntryPoint\",\"urlTemplate\":\"https:\/\/ligan.good.cnrs.fr\/en\/?s={search_term_string}\"},\"query-input\":{\"@type\":\"PropertyValueSpecification\",\"valueRequired\":true,\"valueName\":\"search_term_string\"}}],\"inLanguage\":\"en-US\"}]}<\/script>\n<!-- \/ Yoast SEO plugin. -->","yoast_head_json":{"title":"Les \u00e9quipements acquis via LIGAN-PM sont mis \u00e0 disposition via les prestations","description":"O\u00f9 s\u00e9quencer de l'ADN g\u00e9nomique, o\u00f9 s\u00e9quencer des exomes, o\u00f9 avoir acc\u00e8s \u00e0 un s\u00e9quenceur haut d\u00e9bit","robots":{"index":"index","follow":"follow","max-snippet":"max-snippet:-1","max-image-preview":"max-image-preview:large","max-video-preview":"max-video-preview:-1"},"canonical":"https:\/\/ligan.good.cnrs.fr\/en\/menu-prestations\/prestations-services\/","og_locale":"en_US","og_type":"article","og_title":"Les \u00e9quipements acquis via LIGAN-PM sont mis \u00e0 disposition via les prestations","og_description":"O\u00f9 s\u00e9quencer de l'ADN g\u00e9nomique, o\u00f9 s\u00e9quencer des exomes, o\u00f9 avoir acc\u00e8s \u00e0 un s\u00e9quenceur haut d\u00e9bit","og_url":"https:\/\/ligan.good.cnrs.fr\/en\/menu-prestations\/prestations-services\/","og_site_name":"Ligan","article_modified_time":"2023-09-28T12:39:53+00:00","twitter_card":"summary_large_image","schema":{"@context":"https:\/\/schema.org","@graph":[{"@type":"WebPage","@id":"https:\/\/ligan.good.cnrs.fr\/en\/menu-prestations\/prestations-services\/","url":"https:\/\/ligan.good.cnrs.fr\/en\/menu-prestations\/prestations-services\/","name":"Les \u00e9quipements acquis via LIGAN-PM sont mis \u00e0 disposition via les prestations","isPartOf":{"@id":"https:\/\/ligan.good.cnrs.fr\/en\/#website"},"datePublished":"2022-01-19T09:53:01+00:00","dateModified":"2023-09-28T12:39:53+00:00","description":"O\u00f9 s\u00e9quencer de l'ADN g\u00e9nomique, o\u00f9 s\u00e9quencer des exomes, o\u00f9 avoir acc\u00e8s \u00e0 un s\u00e9quenceur haut d\u00e9bit","breadcrumb":{"@id":"https:\/\/ligan.good.cnrs.fr\/en\/menu-prestations\/prestations-services\/#breadcrumb"},"inLanguage":"en-US","potentialAction":[{"@type":"ReadAction","target":["https:\/\/ligan.good.cnrs.fr\/en\/menu-prestations\/prestations-services\/"]}]},{"@type":"BreadcrumbList","@id":"https:\/\/ligan.good.cnrs.fr\/en\/menu-prestations\/prestations-services\/#breadcrumb","itemListElement":[{"@type":"ListItem","position":1,"name":"Accueil","item":"https:\/\/ligan.good.cnrs.fr\/en\/"},{"@type":"ListItem","position":2,"name":"Services provider","item":"https:\/\/ligan.good.cnrs.fr\/en\/menu-prestations\/"},{"@type":"ListItem","position":3,"name":"Services"}]},{"@type":"WebSite","@id":"https:\/\/ligan.good.cnrs.fr\/en\/#website","url":"https:\/\/ligan.good.cnrs.fr\/en\/","name":"Ligan","description":"Un site utilisant WordPress","potentialAction":[{"@type":"SearchAction","target":{"@type":"EntryPoint","urlTemplate":"https:\/\/ligan.good.cnrs.fr\/en\/?s={search_term_string}"},"query-input":{"@type":"PropertyValueSpecification","valueRequired":true,"valueName":"search_term_string"}}],"inLanguage":"en-US"}]}},"_links":{"self":[{"href":"https:\/\/ligan.good.cnrs.fr\/en\/wp-json\/wp\/v2\/pages\/2473","targetHints":{"allow":["GET"]}}],"collection":[{"href":"https:\/\/ligan.good.cnrs.fr\/en\/wp-json\/wp\/v2\/pages"}],"about":[{"href":"https:\/\/ligan.good.cnrs.fr\/en\/wp-json\/wp\/v2\/types\/page"}],"author":[{"embeddable":true,"href":"https:\/\/ligan.good.cnrs.fr\/en\/wp-json\/wp\/v2\/users\/1"}],"replies":[{"embeddable":true,"href":"https:\/\/ligan.good.cnrs.fr\/en\/wp-json\/wp\/v2\/comments?post=2473"}],"version-history":[{"count":13,"href":"https:\/\/ligan.good.cnrs.fr\/en\/wp-json\/wp\/v2\/pages\/2473\/revisions"}],"predecessor-version":[{"id":2912,"href":"https:\/\/ligan.good.cnrs.fr\/en\/wp-json\/wp\/v2\/pages\/2473\/revisions\/2912"}],"up":[{"embeddable":true,"href":"https:\/\/ligan.good.cnrs.fr\/en\/wp-json\/wp\/v2\/pages\/2472"}],"wp:attachment":[{"href":"https:\/\/ligan.good.cnrs.fr\/en\/wp-json\/wp\/v2\/media?parent=2473"}],"curies":[{"name":"wp","href":"https:\/\/api.w.org\/{rel}","templated":true}]}}