{"id":2474,"date":"2022-01-19T11:40:12","date_gmt":"2022-01-19T10:40:12","guid":{"rendered":"http:\/\/ligan.good.cnrs.fr\/en\/menu-prestations\/prestation-tarifs\/"},"modified":"2022-02-07T12:18:21","modified_gmt":"2022-02-07T11:18:21","slug":"prestation-tarifs","status":"publish","type":"page","link":"https:\/\/ligan.good.cnrs.fr\/en\/menu-prestations\/prestation-tarifs\/","title":{"rendered":"Prices"},"content":{"rendered":"","protected":false},"excerpt":{"rendered":"","protected":false},"author":1,"featured_media":0,"parent":2472,"menu_order":37,"comment_status":"closed","ping_status":"closed","template":"tpl-page-1.php","meta":{"_acf_changed":false,"footnotes":""},"class_list":["post-2474","page","type-page","status-publish","hentry"],"acf":[],"yoast_head":"<!-- This site is optimized with the Yoast SEO plugin v26.3 - https:\/\/yoast.com\/wordpress\/plugins\/seo\/ -->\n<title>Demande de devis : contactez nos experts via le formulaire d\u00e9di\u00e9<\/title>\n<meta name=\"description\" content=\"O\u00f9 demander un devis pour mes projets de g\u00e9nomique et \/ ou de s\u00e9quen\u00e7age, merci de prendre contact avec nos experts via le formulaire d\u00e9di\u00e9.\" \/>\n<meta name=\"robots\" content=\"index, follow, max-snippet:-1, max-image-preview:large, max-video-preview:-1\" \/>\n<link rel=\"canonical\" href=\"https:\/\/ligan.good.cnrs.fr\/en\/menu-prestations\/prestation-tarifs\/\" \/>\n<meta property=\"og:locale\" content=\"en_US\" \/>\n<meta property=\"og:type\" content=\"article\" \/>\n<meta property=\"og:title\" content=\"Demande de devis : contactez nos experts via le formulaire d\u00e9di\u00e9\" \/>\n<meta property=\"og:description\" content=\"O\u00f9 demander un devis pour mes projets de g\u00e9nomique et \/ ou de s\u00e9quen\u00e7age, merci de prendre contact avec nos experts via le formulaire d\u00e9di\u00e9.\" \/>\n<meta property=\"og:url\" content=\"https:\/\/ligan.good.cnrs.fr\/en\/menu-prestations\/prestation-tarifs\/\" \/>\n<meta property=\"og:site_name\" content=\"Ligan\" \/>\n<meta property=\"article:modified_time\" content=\"2022-02-07T11:18:21+00:00\" \/>\n<meta name=\"twitter:card\" content=\"summary_large_image\" \/>\n<script type=\"application\/ld+json\" class=\"yoast-schema-graph\">{\"@context\":\"https:\/\/schema.org\",\"@graph\":[{\"@type\":\"WebPage\",\"@id\":\"https:\/\/ligan.good.cnrs.fr\/en\/menu-prestations\/prestation-tarifs\/\",\"url\":\"https:\/\/ligan.good.cnrs.fr\/en\/menu-prestations\/prestation-tarifs\/\",\"name\":\"Demande de devis : contactez nos experts via le formulaire d\u00e9di\u00e9\",\"isPartOf\":{\"@id\":\"https:\/\/ligan.good.cnrs.fr\/en\/#website\"},\"datePublished\":\"2022-01-19T10:40:12+00:00\",\"dateModified\":\"2022-02-07T11:18:21+00:00\",\"description\":\"O\u00f9 demander un devis pour mes projets de g\u00e9nomique et \/ ou de s\u00e9quen\u00e7age, merci de prendre contact avec nos experts via le formulaire d\u00e9di\u00e9.\",\"breadcrumb\":{\"@id\":\"https:\/\/ligan.good.cnrs.fr\/en\/menu-prestations\/prestation-tarifs\/#breadcrumb\"},\"inLanguage\":\"en-US\",\"potentialAction\":[{\"@type\":\"ReadAction\",\"target\":[\"https:\/\/ligan.good.cnrs.fr\/en\/menu-prestations\/prestation-tarifs\/\"]}]},{\"@type\":\"BreadcrumbList\",\"@id\":\"https:\/\/ligan.good.cnrs.fr\/en\/menu-prestations\/prestation-tarifs\/#breadcrumb\",\"itemListElement\":[{\"@type\":\"ListItem\",\"position\":1,\"name\":\"Accueil\",\"item\":\"https:\/\/ligan.good.cnrs.fr\/en\/\"},{\"@type\":\"ListItem\",\"position\":2,\"name\":\"Services provider\",\"item\":\"https:\/\/ligan.good.cnrs.fr\/en\/menu-prestations\/\"},{\"@type\":\"ListItem\",\"position\":3,\"name\":\"Prices\"}]},{\"@type\":\"WebSite\",\"@id\":\"https:\/\/ligan.good.cnrs.fr\/en\/#website\",\"url\":\"https:\/\/ligan.good.cnrs.fr\/en\/\",\"name\":\"Ligan\",\"description\":\"Un site utilisant WordPress\",\"potentialAction\":[{\"@type\":\"SearchAction\",\"target\":{\"@type\":\"EntryPoint\",\"urlTemplate\":\"https:\/\/ligan.good.cnrs.fr\/en\/?s={search_term_string}\"},\"query-input\":{\"@type\":\"PropertyValueSpecification\",\"valueRequired\":true,\"valueName\":\"search_term_string\"}}],\"inLanguage\":\"en-US\"}]}<\/script>\n<!-- \/ Yoast SEO plugin. -->","yoast_head_json":{"title":"Demande de devis : contactez nos experts via le formulaire d\u00e9di\u00e9","description":"O\u00f9 demander un devis pour mes projets de g\u00e9nomique et \/ ou de s\u00e9quen\u00e7age, merci de prendre contact avec nos experts via le formulaire d\u00e9di\u00e9.","robots":{"index":"index","follow":"follow","max-snippet":"max-snippet:-1","max-image-preview":"max-image-preview:large","max-video-preview":"max-video-preview:-1"},"canonical":"https:\/\/ligan.good.cnrs.fr\/en\/menu-prestations\/prestation-tarifs\/","og_locale":"en_US","og_type":"article","og_title":"Demande de devis : contactez nos experts via le formulaire d\u00e9di\u00e9","og_description":"O\u00f9 demander un devis pour mes projets de g\u00e9nomique et \/ ou de s\u00e9quen\u00e7age, merci de prendre contact avec nos experts via le formulaire d\u00e9di\u00e9.","og_url":"https:\/\/ligan.good.cnrs.fr\/en\/menu-prestations\/prestation-tarifs\/","og_site_name":"Ligan","article_modified_time":"2022-02-07T11:18:21+00:00","twitter_card":"summary_large_image","schema":{"@context":"https:\/\/schema.org","@graph":[{"@type":"WebPage","@id":"https:\/\/ligan.good.cnrs.fr\/en\/menu-prestations\/prestation-tarifs\/","url":"https:\/\/ligan.good.cnrs.fr\/en\/menu-prestations\/prestation-tarifs\/","name":"Demande de devis : contactez nos experts via le formulaire d\u00e9di\u00e9","isPartOf":{"@id":"https:\/\/ligan.good.cnrs.fr\/en\/#website"},"datePublished":"2022-01-19T10:40:12+00:00","dateModified":"2022-02-07T11:18:21+00:00","description":"O\u00f9 demander un devis pour mes projets de g\u00e9nomique et \/ ou de s\u00e9quen\u00e7age, merci de prendre contact avec nos experts via le formulaire d\u00e9di\u00e9.","breadcrumb":{"@id":"https:\/\/ligan.good.cnrs.fr\/en\/menu-prestations\/prestation-tarifs\/#breadcrumb"},"inLanguage":"en-US","potentialAction":[{"@type":"ReadAction","target":["https:\/\/ligan.good.cnrs.fr\/en\/menu-prestations\/prestation-tarifs\/"]}]},{"@type":"BreadcrumbList","@id":"https:\/\/ligan.good.cnrs.fr\/en\/menu-prestations\/prestation-tarifs\/#breadcrumb","itemListElement":[{"@type":"ListItem","position":1,"name":"Accueil","item":"https:\/\/ligan.good.cnrs.fr\/en\/"},{"@type":"ListItem","position":2,"name":"Services provider","item":"https:\/\/ligan.good.cnrs.fr\/en\/menu-prestations\/"},{"@type":"ListItem","position":3,"name":"Prices"}]},{"@type":"WebSite","@id":"https:\/\/ligan.good.cnrs.fr\/en\/#website","url":"https:\/\/ligan.good.cnrs.fr\/en\/","name":"Ligan","description":"Un site utilisant WordPress","potentialAction":[{"@type":"SearchAction","target":{"@type":"EntryPoint","urlTemplate":"https:\/\/ligan.good.cnrs.fr\/en\/?s={search_term_string}"},"query-input":{"@type":"PropertyValueSpecification","valueRequired":true,"valueName":"search_term_string"}}],"inLanguage":"en-US"}]}},"_links":{"self":[{"href":"https:\/\/ligan.good.cnrs.fr\/en\/wp-json\/wp\/v2\/pages\/2474","targetHints":{"allow":["GET"]}}],"collection":[{"href":"https:\/\/ligan.good.cnrs.fr\/en\/wp-json\/wp\/v2\/pages"}],"about":[{"href":"https:\/\/ligan.good.cnrs.fr\/en\/wp-json\/wp\/v2\/types\/page"}],"author":[{"embeddable":true,"href":"https:\/\/ligan.good.cnrs.fr\/en\/wp-json\/wp\/v2\/users\/1"}],"replies":[{"embeddable":true,"href":"https:\/\/ligan.good.cnrs.fr\/en\/wp-json\/wp\/v2\/comments?post=2474"}],"version-history":[{"count":4,"href":"https:\/\/ligan.good.cnrs.fr\/en\/wp-json\/wp\/v2\/pages\/2474\/revisions"}],"predecessor-version":[{"id":2502,"href":"https:\/\/ligan.good.cnrs.fr\/en\/wp-json\/wp\/v2\/pages\/2474\/revisions\/2502"}],"up":[{"embeddable":true,"href":"https:\/\/ligan.good.cnrs.fr\/en\/wp-json\/wp\/v2\/pages\/2472"}],"wp:attachment":[{"href":"https:\/\/ligan.good.cnrs.fr\/en\/wp-json\/wp\/v2\/media?parent=2474"}],"curies":[{"name":"wp","href":"https:\/\/api.w.org\/{rel}","templated":true}]}}