{"id":2516,"date":"2022-01-19T14:38:30","date_gmt":"2022-01-19T13:38:30","guid":{"rendered":"http:\/\/ligan.good.cnrs.fr\/en\/espace-diagnostic\/equipements-diagnostic\/"},"modified":"2023-09-26T08:17:19","modified_gmt":"2023-09-26T07:17:19","slug":"equipements-diagnostic","status":"publish","type":"page","link":"https:\/\/ligan.good.cnrs.fr\/en\/espace-diagnostic\/equipements-diagnostic\/","title":{"rendered":"Equipments"},"content":{"rendered":"","protected":false},"excerpt":{"rendered":"","protected":false},"author":1,"featured_media":0,"parent":2503,"menu_order":63,"comment_status":"closed","ping_status":"closed","template":"tpl-page-1.php","meta":{"_acf_changed":false,"footnotes":""},"class_list":["post-2516","page","type-page","status-publish","hentry"],"acf":[],"yoast_head":"<!-- This site is optimized with the Yoast SEO plugin v26.3 - https:\/\/yoast.com\/wordpress\/plugins\/seo\/ -->\n<title>Equipments - Ligan<\/title>\n<meta name=\"description\" content=\"Nous vous pr\u00e9sentons nos \u00e9quipements utilis\u00e9es pour nos examens de biologie m\u00e9dical\" \/>\n<meta name=\"robots\" content=\"index, follow, max-snippet:-1, max-image-preview:large, max-video-preview:-1\" \/>\n<link rel=\"canonical\" href=\"https:\/\/ligan.good.cnrs.fr\/en\/espace-diagnostic\/equipements-diagnostic\/\" \/>\n<meta property=\"og:locale\" content=\"en_US\" \/>\n<meta property=\"og:type\" content=\"article\" \/>\n<meta property=\"og:title\" content=\"Equipments - Ligan\" \/>\n<meta property=\"og:description\" content=\"Nous vous pr\u00e9sentons nos \u00e9quipements utilis\u00e9es pour nos examens de biologie m\u00e9dical\" \/>\n<meta property=\"og:url\" content=\"https:\/\/ligan.good.cnrs.fr\/en\/espace-diagnostic\/equipements-diagnostic\/\" \/>\n<meta property=\"og:site_name\" content=\"Ligan\" \/>\n<meta property=\"article:modified_time\" content=\"2023-09-26T07:17:19+00:00\" \/>\n<meta name=\"twitter:card\" content=\"summary_large_image\" \/>\n<script type=\"application\/ld+json\" class=\"yoast-schema-graph\">{\"@context\":\"https:\/\/schema.org\",\"@graph\":[{\"@type\":\"WebPage\",\"@id\":\"https:\/\/ligan.good.cnrs.fr\/en\/espace-diagnostic\/equipements-diagnostic\/\",\"url\":\"https:\/\/ligan.good.cnrs.fr\/en\/espace-diagnostic\/equipements-diagnostic\/\",\"name\":\"Equipments - Ligan\",\"isPartOf\":{\"@id\":\"https:\/\/ligan.good.cnrs.fr\/en\/#website\"},\"datePublished\":\"2022-01-19T13:38:30+00:00\",\"dateModified\":\"2023-09-26T07:17:19+00:00\",\"description\":\"Nous vous pr\u00e9sentons nos \u00e9quipements utilis\u00e9es pour nos examens de biologie m\u00e9dical\",\"breadcrumb\":{\"@id\":\"https:\/\/ligan.good.cnrs.fr\/en\/espace-diagnostic\/equipements-diagnostic\/#breadcrumb\"},\"inLanguage\":\"en-US\",\"potentialAction\":[{\"@type\":\"ReadAction\",\"target\":[\"https:\/\/ligan.good.cnrs.fr\/en\/espace-diagnostic\/equipements-diagnostic\/\"]}]},{\"@type\":\"BreadcrumbList\",\"@id\":\"https:\/\/ligan.good.cnrs.fr\/en\/espace-diagnostic\/equipements-diagnostic\/#breadcrumb\",\"itemListElement\":[{\"@type\":\"ListItem\",\"position\":1,\"name\":\"Accueil\",\"item\":\"https:\/\/ligan.good.cnrs.fr\/en\/\"},{\"@type\":\"ListItem\",\"position\":2,\"name\":\"Diagnostic area\",\"item\":\"https:\/\/ligan.good.cnrs.fr\/en\/espace-diagnostic\/\"},{\"@type\":\"ListItem\",\"position\":3,\"name\":\"Equipments\"}]},{\"@type\":\"WebSite\",\"@id\":\"https:\/\/ligan.good.cnrs.fr\/en\/#website\",\"url\":\"https:\/\/ligan.good.cnrs.fr\/en\/\",\"name\":\"Ligan\",\"description\":\"Un site utilisant WordPress\",\"potentialAction\":[{\"@type\":\"SearchAction\",\"target\":{\"@type\":\"EntryPoint\",\"urlTemplate\":\"https:\/\/ligan.good.cnrs.fr\/en\/?s={search_term_string}\"},\"query-input\":{\"@type\":\"PropertyValueSpecification\",\"valueRequired\":true,\"valueName\":\"search_term_string\"}}],\"inLanguage\":\"en-US\"}]}<\/script>\n<!-- \/ Yoast SEO plugin. -->","yoast_head_json":{"title":"Equipments - Ligan","description":"Nous vous pr\u00e9sentons nos \u00e9quipements utilis\u00e9es pour nos examens de biologie m\u00e9dical","robots":{"index":"index","follow":"follow","max-snippet":"max-snippet:-1","max-image-preview":"max-image-preview:large","max-video-preview":"max-video-preview:-1"},"canonical":"https:\/\/ligan.good.cnrs.fr\/en\/espace-diagnostic\/equipements-diagnostic\/","og_locale":"en_US","og_type":"article","og_title":"Equipments - Ligan","og_description":"Nous vous pr\u00e9sentons nos \u00e9quipements utilis\u00e9es pour nos examens de biologie m\u00e9dical","og_url":"https:\/\/ligan.good.cnrs.fr\/en\/espace-diagnostic\/equipements-diagnostic\/","og_site_name":"Ligan","article_modified_time":"2023-09-26T07:17:19+00:00","twitter_card":"summary_large_image","schema":{"@context":"https:\/\/schema.org","@graph":[{"@type":"WebPage","@id":"https:\/\/ligan.good.cnrs.fr\/en\/espace-diagnostic\/equipements-diagnostic\/","url":"https:\/\/ligan.good.cnrs.fr\/en\/espace-diagnostic\/equipements-diagnostic\/","name":"Equipments - Ligan","isPartOf":{"@id":"https:\/\/ligan.good.cnrs.fr\/en\/#website"},"datePublished":"2022-01-19T13:38:30+00:00","dateModified":"2023-09-26T07:17:19+00:00","description":"Nous vous pr\u00e9sentons nos \u00e9quipements utilis\u00e9es pour nos examens de biologie m\u00e9dical","breadcrumb":{"@id":"https:\/\/ligan.good.cnrs.fr\/en\/espace-diagnostic\/equipements-diagnostic\/#breadcrumb"},"inLanguage":"en-US","potentialAction":[{"@type":"ReadAction","target":["https:\/\/ligan.good.cnrs.fr\/en\/espace-diagnostic\/equipements-diagnostic\/"]}]},{"@type":"BreadcrumbList","@id":"https:\/\/ligan.good.cnrs.fr\/en\/espace-diagnostic\/equipements-diagnostic\/#breadcrumb","itemListElement":[{"@type":"ListItem","position":1,"name":"Accueil","item":"https:\/\/ligan.good.cnrs.fr\/en\/"},{"@type":"ListItem","position":2,"name":"Diagnostic area","item":"https:\/\/ligan.good.cnrs.fr\/en\/espace-diagnostic\/"},{"@type":"ListItem","position":3,"name":"Equipments"}]},{"@type":"WebSite","@id":"https:\/\/ligan.good.cnrs.fr\/en\/#website","url":"https:\/\/ligan.good.cnrs.fr\/en\/","name":"Ligan","description":"Un site utilisant WordPress","potentialAction":[{"@type":"SearchAction","target":{"@type":"EntryPoint","urlTemplate":"https:\/\/ligan.good.cnrs.fr\/en\/?s={search_term_string}"},"query-input":{"@type":"PropertyValueSpecification","valueRequired":true,"valueName":"search_term_string"}}],"inLanguage":"en-US"}]}},"_links":{"self":[{"href":"https:\/\/ligan.good.cnrs.fr\/en\/wp-json\/wp\/v2\/pages\/2516","targetHints":{"allow":["GET"]}}],"collection":[{"href":"https:\/\/ligan.good.cnrs.fr\/en\/wp-json\/wp\/v2\/pages"}],"about":[{"href":"https:\/\/ligan.good.cnrs.fr\/en\/wp-json\/wp\/v2\/types\/page"}],"author":[{"embeddable":true,"href":"https:\/\/ligan.good.cnrs.fr\/en\/wp-json\/wp\/v2\/users\/1"}],"replies":[{"embeddable":true,"href":"https:\/\/ligan.good.cnrs.fr\/en\/wp-json\/wp\/v2\/comments?post=2516"}],"version-history":[{"count":5,"href":"https:\/\/ligan.good.cnrs.fr\/en\/wp-json\/wp\/v2\/pages\/2516\/revisions"}],"predecessor-version":[{"id":2896,"href":"https:\/\/ligan.good.cnrs.fr\/en\/wp-json\/wp\/v2\/pages\/2516\/revisions\/2896"}],"up":[{"embeddable":true,"href":"https:\/\/ligan.good.cnrs.fr\/en\/wp-json\/wp\/v2\/pages\/2503"}],"wp:attachment":[{"href":"https:\/\/ligan.good.cnrs.fr\/en\/wp-json\/wp\/v2\/media?parent=2516"}],"curies":[{"name":"wp","href":"https:\/\/api.w.org\/{rel}","templated":true}]}}